{"id":4055,"date":"2026-04-28T16:39:50","date_gmt":"2026-04-28T23:39:50","guid":{"rendered":"https:\/\/www.growingcontigo.com\/seatac-welcoming\/"},"modified":"2026-05-12T15:06:28","modified_gmt":"2026-05-12T22:06:28","slug":"seatac-welcoming","status":"publish","type":"page","link":"https:\/\/www.growingcontigo.com\/es\/seatac-welcoming\/","title":{"rendered":"SeaTac Welcoming Plaza"},"content":{"rendered":"\t\t<div data-elementor-type=\"wp-page\" data-elementor-id=\"4055\" class=\"elementor elementor-4055 elementor-4045\" data-elementor-post-type=\"page\">\n\t\t\t\t<div class=\"elementor-element elementor-element-7b5a039a e-con-full e-flex e-con e-parent\" data-id=\"7b5a039a\" data-element_type=\"container\" data-e-type=\"container\" data-settings=\"{&quot;background_background&quot;:&quot;classic&quot;}\">\n\t\t\t\t<\/div>\n\t\t<div class=\"elementor-element elementor-element-ab8b5bc e-flex e-con-boxed e-con e-parent\" data-id=\"ab8b5bc\" data-element_type=\"container\" data-e-type=\"container\" data-settings=\"{&quot;background_background&quot;:&quot;classic&quot;}\">\n\t\t\t\t\t<div class=\"e-con-inner\">\n\t\t<div class=\"elementor-element elementor-element-ba2f18c e-con-full e-flex e-con e-child\" data-id=\"ba2f18c\" data-element_type=\"container\" data-e-type=\"container\">\n\t\t\t\t<div class=\"elementor-element elementor-element-6d0b95f elementor-widget elementor-widget-image\" data-id=\"6d0b95f\" data-element_type=\"widget\" data-e-type=\"widget\" data-widget_type=\"image.default\">\n\t\t\t\t<div class=\"elementor-widget-container\">\n\t\t\t\t\t\t\t\t\t\t\t\t\t\t\t<img fetchpriority=\"high\" decoding=\"async\" width=\"768\" height=\"1024\" src=\"https:\/\/www.growingcontigo.com\/wp-content\/uploads\/2026\/05\/jason-charters-IorqsMssQH0-unsplash-768x1024.jpg\" class=\"attachment-large size-large wp-image-4130\" alt=\"\" srcset=\"https:\/\/www.growingcontigo.com\/wp-content\/uploads\/2026\/05\/jason-charters-IorqsMssQH0-unsplash-768x1024.jpg 768w, https:\/\/www.growingcontigo.com\/wp-content\/uploads\/2026\/05\/jason-charters-IorqsMssQH0-unsplash-225x300.jpg 225w, https:\/\/www.growingcontigo.com\/wp-content\/uploads\/2026\/05\/jason-charters-IorqsMssQH0-unsplash-1152x1536.jpg 1152w, https:\/\/www.growingcontigo.com\/wp-content\/uploads\/2026\/05\/jason-charters-IorqsMssQH0-unsplash-1536x2048.jpg 1536w, https:\/\/www.growingcontigo.com\/wp-content\/uploads\/2026\/05\/jason-charters-IorqsMssQH0-unsplash-scaled.jpg 1920w\" sizes=\"(max-width: 768px) 100vw, 768px\" \/>\t\t\t\t\t\t\t\t\t\t\t\t\t\t\t<\/div>\n\t\t\t\t<\/div>\n\t\t\t\t<\/div>\n\t\t<div class=\"elementor-element elementor-element-2d98f6b e-con-full e-flex e-con e-child\" data-id=\"2d98f6b\" data-element_type=\"container\" data-e-type=\"container\">\n\t\t\t\t<div class=\"elementor-element elementor-element-04ada82 elementor-widget elementor-widget-heading\" data-id=\"04ada82\" data-element_type=\"widget\" data-e-type=\"widget\" data-widget_type=\"heading.default\">\n\t\t\t\t<div class=\"elementor-widget-container\">\n\t\t\t\t\t<h2 class=\"elementor-heading-title elementor-size-default\">\u00a1Buscamos proveedores!<\/h2>\t\t\t\t<\/div>\n\t\t\t\t<\/div>\n\t\t\t\t<div class=\"elementor-element elementor-element-ad2a3e9 elementor-widget elementor-widget-text-editor\" data-id=\"ad2a3e9\" data-element_type=\"widget\" data-e-type=\"widget\" data-widget_type=\"text-editor.default\">\n\t\t\t\t<div class=\"elementor-widget-container\">\n\t\t\t\t\t\t\t\t\t<p>A pocos pasos del <a title=\"https:\/\/links-1.govdelivery.com\/CL0\/https:%2F%2Fwww.portseattle.org%2Fsea%3Futm_medium=email%26utm_source=govdelivery\/1\/0100019dd499a594-c6ccd38d-8581-4dd9-ae19-ee8328c567d9-000000\/hUYmnj1Y6XZjHjr23xIEzvEcyfTmu329NYgPwOLnDWE=452\" href=\"https:\/\/links-1.govdelivery.com\/CL0\/https:%2F%2Fwww.portseattle.org%2Fsea%3Futm_medium=email%26utm_source=govdelivery\/1\/0100019dd499a594-c6ccd38d-8581-4dd9-ae19-ee8328c567d9-000000\/hUYmnj1Y6XZjHjr23xIEzvEcyfTmu329NYgPwOLnDWE=452\" data-auth=\"NotApplicable\" data-linkindex=\"20\">Aeropuerto Internacional de Seattle-Tacoma<\/a> y de la <a title=\"https:\/\/links-1.govdelivery.com\/CL0\/https:%2F%2Fwww.soundtransit.org%2Fride-with-us%2Fstops-stations%2Fseatac-airport-station%3Froute_tab=arrivals%26utm_medium=email%26utm_source=govdelivery\/1\/0100019dd499a594-c6ccd38d-8581-4dd9-ae19-ee8328c567d9-000000\/y-BdTf3g32sN3YNoNTJQ7CZsqhX-_1frfJwRqNtZ6_Q=452\" href=\"https:\/\/links-1.govdelivery.com\/CL0\/https:%2F%2Fwww.soundtransit.org%2Fride-with-us%2Fstops-stations%2Fseatac-airport-station%3Froute_tab=arrivals%26utm_medium=email%26utm_source=govdelivery\/1\/0100019dd499a594-c6ccd38d-8581-4dd9-ae19-ee8328c567d9-000000\/y-BdTf3g32sN3YNoNTJQ7CZsqhX-_1frfJwRqNtZ6_Q=452\" data-auth=\"NotApplicable\" data-linkindex=\"21\">estaci\u00f3n de tren ligero SeaTac\/Airport Link<\/a>, este lugar de activaci\u00f3n pone el tapete de bienvenida de SeaTac literalmente en la puerta de entrada de la regi\u00f3n. En colaboraci\u00f3n con <a title=\"https:\/\/links-1.govdelivery.com\/CL0\/https:%2F%2Fwww.growingcontigo.com%2F%3Futm_medium=email%26utm_source=govdelivery\/1\/0100019dd499a594-c6ccd38d-8581-4dd9-ae19-ee8328c567d9-000000\/rRPlK7H1sJ_AL9uyl3VDf12-lchAA9YJ0frP-txxhgQ=452\" href=\"https:\/\/links-1.govdelivery.com\/CL0\/https:%2F%2Fwww.growingcontigo.com%2F%3Futm_medium=email%26utm_source=govdelivery\/1\/0100019dd499a594-c6ccd38d-8581-4dd9-ae19-ee8328c567d9-000000\/rRPlK7H1sJ_AL9uyl3VDf12-lchAA9YJ0frP-txxhgQ=452\" data-auth=\"NotApplicable\" data-linkindex=\"22\">Growing Contigo<\/a> y <a title=\"https:\/\/links-1.govdelivery.com\/CL0\/https:%2F%2Fwww.seatacbmx.com%2F%3Futm_medium=email%26utm_source=govdelivery\/1\/0100019dd499a594-c6ccd38d-8581-4dd9-ae19-ee8328c567d9-000000\/v06btafGXS3bGLPsgzmBlFXE9X9lE3Dj_w-ZeNGJqtE=452\" href=\"https:\/\/links-1.govdelivery.com\/CL0\/https:%2F%2Fwww.seatacbmx.com%2F%3Futm_medium=email%26utm_source=govdelivery\/1\/0100019dd499a594-c6ccd38d-8581-4dd9-ae19-ee8328c567d9-000000\/v06btafGXS3bGLPsgzmBlFXE9X9lE3Dj_w-ZeNGJqtE=452\" data-auth=\"NotApplicable\" data-linkindex=\"23\">SeaTac BMX<\/a>, la plaza contar\u00e1 con programaci\u00f3n diaria con especial \u00e9nfasis los lunes, mi\u00e9rcoles y viernes, con un minicampo de f\u00fatbol, actividades en la pista de BMX y comida. El aforo es de unas 190 personas. El horario de funcionamiento es aproximadamente de 6:00 a 18:00.<\/p><p><b>Cu\u00e1ndo<\/b>: del 1 de julio al 31 de agosto de 2026, de lunes a domingo<\/p><p><strong>Hora:<\/strong> 6:00 \u2013 18:00<\/p><p><b>D\u00f3nde:<\/b> 2918 S 176th St, SeaTac, WA 98188<\/p><h1 style=\"text-align: center;\"><span style=\"text-decoration: underline; color: #3366ff;\"><a style=\"color: #3366ff; text-decoration: underline;\" href=\"https:\/\/zfrmz.com\/xM0x24NYqVybZyv2mjrl\" target=\"_blank\" rel=\"noopener\">\u00a1Rellena el formulario de inter\u00e9s para proveedores!<\/a><\/span><\/h1>\t\t\t\t\t\t\t\t<\/div>\n\t\t\t\t<\/div>\n\t\t\t\t<\/div>\n\t\t\t\t\t<\/div>\n\t\t\t\t<\/div>\n\t\t<div class=\"elementor-element elementor-element-508a05f e-flex e-con-boxed e-con e-parent\" data-id=\"508a05f\" data-element_type=\"container\" data-e-type=\"container\">\n\t\t\t\t\t<div class=\"e-con-inner\">\n\t\t\t\t\t<\/div>\n\t\t\t\t<\/div>\n\t\t<div class=\"elementor-element elementor-element-231aaec e-flex e-con-boxed e-con e-parent\" data-id=\"231aaec\" data-element_type=\"container\" data-e-type=\"container\">\n\t\t\t\t\t<div class=\"e-con-inner\">\n\t\t\t\t<div class=\"elementor-element elementor-element-b9873a9 elementor-widget elementor-widget-html\" data-id=\"b9873a9\" data-element_type=\"widget\" data-e-type=\"widget\" data-widget_type=\"html.default\">\n\t\t\t\t<div class=\"elementor-widget-container\">\n\t\t\t\t\t<style scoped=\"\"> iframe[data-tec-events-ece-iframe=\"true\"] { width: 100%; height: calc( 100vw + 100px ); max-width: 100%; } @media screen and (min-width: 600px) { iframe[data-tec-events-ece-iframe=\"true\"] { height: 100vw; } } @media screen and (min-width: 853px) { iframe[data-tec-events-ece-iframe=\"true\"] { height: 1065px; } } <\/style> <iframe data-tec-events-ece-iframe=\"true\" src=\"https:\/\/www.growingcontigo.com\/calendar-embed\/B0MGmcX12Fe\/embed\/\" frameborder=\"0\"><\/iframe>\t\t\t\t<\/div>\n\t\t\t\t<\/div>\n\t\t\t\t\t<\/div>\n\t\t\t\t<\/div>\n\t\t\t\t<\/div>\n\t\t","protected":false},"excerpt":{"rendered":"<p>\u00a1Buscamos proveedores! A pocos pasos del Aeropuerto Internacional de Seattle-Tacoma y de la estaci\u00f3n de tren ligero SeaTac\/Airport Link, este lugar de activaci\u00f3n pone el tapete de bienvenida de SeaTac [&hellip;]<\/p>\n","protected":false},"author":2,"featured_media":0,"parent":0,"menu_order":0,"comment_status":"closed","ping_status":"closed","template":"","meta":{"_monsterinsights_skip_tracking":false,"_monsterinsights_sitenote_active":false,"_monsterinsights_sitenote_note":"","_monsterinsights_sitenote_category":0,"site-sidebar-layout":"no-sidebar","site-content-layout":"","ast-site-content-layout":"full-width-container","site-content-style":"default","site-sidebar-style":"default","ast-global-header-display":"","ast-banner-title-visibility":"","ast-main-header-display":"","ast-hfb-above-header-display":"","ast-hfb-below-header-display":"","ast-hfb-mobile-header-display":"","site-post-title":"disabled","ast-breadcrumbs-content":"","ast-featured-img":"disabled","footer-sml-layout":"","ast-disable-related-posts":"","theme-transparent-header-meta":"","adv-header-id-meta":"","stick-header-meta":"","header-above-stick-meta":"","header-main-stick-meta":"","header-below-stick-meta":"","astra-migrate-meta-layouts":"default","ast-page-background-enabled":"default","ast-page-background-meta":{"desktop":{"background-color":"var(--ast-global-color-4)","background-image":"","background-repeat":"repeat","background-position":"center center","background-size":"auto","background-attachment":"scroll","background-type":"","background-media":"","overlay-type":"","overlay-color":"","overlay-opacity":"","overlay-gradient":""},"tablet":{"background-color":"","background-image":"","background-repeat":"repeat","background-position":"center center","background-size":"auto","background-attachment":"scroll","background-type":"","background-media":"","overlay-type":"","overlay-color":"","overlay-opacity":"","overlay-gradient":""},"mobile":{"background-color":"","background-image":"","background-repeat":"repeat","background-position":"center center","background-size":"auto","background-attachment":"scroll","background-type":"","background-media":"","overlay-type":"","overlay-color":"","overlay-opacity":"","overlay-gradient":""}},"ast-content-background-meta":{"desktop":{"background-color":"var(--ast-global-color-5)","background-image":"","background-repeat":"repeat","background-position":"center center","background-size":"auto","background-attachment":"scroll","background-type":"","background-media":"","overlay-type":"","overlay-color":"","overlay-opacity":"","overlay-gradient":""},"tablet":{"background-color":"var(--ast-global-color-5)","background-image":"","background-repeat":"repeat","background-position":"center center","background-size":"auto","background-attachment":"scroll","background-type":"","background-media":"","overlay-type":"","overlay-color":"","overlay-opacity":"","overlay-gradient":""},"mobile":{"background-color":"var(--ast-global-color-5)","background-image":"","background-repeat":"repeat","background-position":"center center","background-size":"auto","background-attachment":"scroll","background-type":"","background-media":"","overlay-type":"","overlay-color":"","overlay-opacity":"","overlay-gradient":""}},"footnotes":"","_links_to":"","_links_to_target":""},"class_list":["post-4055","page","type-page","status-publish","hentry"],"yoast_head":"<!-- This site is optimized with the Yoast SEO plugin v27.6 - https:\/\/yoast.com\/product\/yoast-seo-wordpress\/ -->\n<title>SeaTac Welcoming Plaza - Growing Contigo, LLC<\/title>\n<meta name=\"robots\" content=\"index, follow, max-snippet:-1, max-image-preview:large, max-video-preview:-1\" \/>\n<link rel=\"canonical\" href=\"https:\/\/www.growingcontigo.com\/es\/seatac-welcoming\/\" \/>\n<meta property=\"og:locale\" content=\"es_ES\" \/>\n<meta property=\"og:type\" content=\"article\" \/>\n<meta property=\"og:title\" content=\"SeaTac Welcoming Plaza - Growing Contigo, LLC\" \/>\n<meta property=\"og:description\" content=\"\u00a1Buscamos proveedores! A pocos pasos del Aeropuerto Internacional de Seattle-Tacoma y de la estaci\u00f3n de tren ligero SeaTac\/Airport Link, este lugar de activaci\u00f3n pone el tapete de bienvenida de SeaTac [&hellip;]\" \/>\n<meta property=\"og:url\" content=\"https:\/\/www.growingcontigo.com\/es\/seatac-welcoming\/\" \/>\n<meta property=\"og:site_name\" content=\"Growing Contigo, LLC\" \/>\n<meta property=\"article:publisher\" content=\"https:\/\/www.facebook.com\/growingcontigo\" \/>\n<meta property=\"article:modified_time\" content=\"2026-05-12T22:06:28+00:00\" \/>\n<meta property=\"og:image\" content=\"https:\/\/www.growingcontigo.com\/wp-content\/uploads\/2026\/05\/jason-charters-IorqsMssQH0-unsplash-scaled.jpg\" \/>\n\t<meta property=\"og:image:width\" content=\"1920\" \/>\n\t<meta property=\"og:image:height\" content=\"2560\" \/>\n\t<meta property=\"og:image:type\" content=\"image\/jpeg\" \/>\n<meta name=\"twitter:card\" content=\"summary_large_image\" \/>\n<meta name=\"twitter:site\" content=\"@GrowingContigo\" \/>\n<meta name=\"twitter:label1\" content=\"Tiempo de lectura\" \/>\n\t<meta name=\"twitter:data1\" content=\"1 minuto\" \/>\n<script type=\"application\/ld+json\" class=\"yoast-schema-graph\">{\"@context\":\"https:\\\/\\\/schema.org\",\"@graph\":[{\"@type\":\"WebPage\",\"@id\":\"https:\\\/\\\/www.growingcontigo.com\\\/es\\\/seatac-welcoming\\\/\",\"url\":\"https:\\\/\\\/www.growingcontigo.com\\\/es\\\/seatac-welcoming\\\/\",\"name\":\"SeaTac Welcoming Plaza - Growing Contigo, LLC\",\"isPartOf\":{\"@id\":\"https:\\\/\\\/www.growingcontigo.com\\\/es\\\/#website\"},\"primaryImageOfPage\":{\"@id\":\"https:\\\/\\\/www.growingcontigo.com\\\/es\\\/seatac-welcoming\\\/#primaryimage\"},\"image\":{\"@id\":\"https:\\\/\\\/www.growingcontigo.com\\\/es\\\/seatac-welcoming\\\/#primaryimage\"},\"thumbnailUrl\":\"https:\\\/\\\/www.growingcontigo.com\\\/wp-content\\\/uploads\\\/2026\\\/05\\\/jason-charters-IorqsMssQH0-unsplash-768x1024.jpg\",\"datePublished\":\"2026-04-28T23:39:50+00:00\",\"dateModified\":\"2026-05-12T22:06:28+00:00\",\"breadcrumb\":{\"@id\":\"https:\\\/\\\/www.growingcontigo.com\\\/es\\\/seatac-welcoming\\\/#breadcrumb\"},\"inLanguage\":\"es\",\"potentialAction\":[{\"@type\":\"ReadAction\",\"target\":[\"https:\\\/\\\/www.growingcontigo.com\\\/es\\\/seatac-welcoming\\\/\"]}]},{\"@type\":\"ImageObject\",\"inLanguage\":\"es\",\"@id\":\"https:\\\/\\\/www.growingcontigo.com\\\/es\\\/seatac-welcoming\\\/#primaryimage\",\"url\":\"https:\\\/\\\/www.growingcontigo.com\\\/wp-content\\\/uploads\\\/2026\\\/05\\\/jason-charters-IorqsMssQH0-unsplash-768x1024.jpg\",\"contentUrl\":\"https:\\\/\\\/www.growingcontigo.com\\\/wp-content\\\/uploads\\\/2026\\\/05\\\/jason-charters-IorqsMssQH0-unsplash-768x1024.jpg\"},{\"@type\":\"BreadcrumbList\",\"@id\":\"https:\\\/\\\/www.growingcontigo.com\\\/es\\\/seatac-welcoming\\\/#breadcrumb\",\"itemListElement\":[{\"@type\":\"ListItem\",\"position\":1,\"name\":\"Portada\",\"item\":\"https:\\\/\\\/www.growingcontigo.com\\\/es\\\/inicio\\\/\"},{\"@type\":\"ListItem\",\"position\":2,\"name\":\"SeaTac Welcoming Plaza\"}]},{\"@type\":\"WebSite\",\"@id\":\"https:\\\/\\\/www.growingcontigo.com\\\/es\\\/#website\",\"url\":\"https:\\\/\\\/www.growingcontigo.com\\\/es\\\/\",\"name\":\"Growing Contigo, LLC\",\"description\":\"Building stronger communities through economic empowerment.\",\"publisher\":{\"@id\":\"https:\\\/\\\/www.growingcontigo.com\\\/es\\\/#organization\"},\"potentialAction\":[{\"@type\":\"SearchAction\",\"target\":{\"@type\":\"EntryPoint\",\"urlTemplate\":\"https:\\\/\\\/www.growingcontigo.com\\\/es\\\/?s={search_term_string}\"},\"query-input\":{\"@type\":\"PropertyValueSpecification\",\"valueRequired\":true,\"valueName\":\"search_term_string\"}}],\"inLanguage\":\"es\"},{\"@type\":\"Organization\",\"@id\":\"https:\\\/\\\/www.growingcontigo.com\\\/es\\\/#organization\",\"name\":\"Growing Contigo, LLC\",\"url\":\"https:\\\/\\\/www.growingcontigo.com\\\/es\\\/\",\"logo\":{\"@type\":\"ImageObject\",\"inLanguage\":\"es\",\"@id\":\"https:\\\/\\\/www.growingcontigo.com\\\/es\\\/#\\\/schema\\\/logo\\\/image\\\/\",\"url\":\"https:\\\/\\\/www.growingcontigo.com\\\/wp-content\\\/uploads\\\/2023\\\/08\\\/growing-contigo-300-\u00d7-90-px-2500-\u00d7-900-px-300x108-1.png\",\"contentUrl\":\"https:\\\/\\\/www.growingcontigo.com\\\/wp-content\\\/uploads\\\/2023\\\/08\\\/growing-contigo-300-\u00d7-90-px-2500-\u00d7-900-px-300x108-1.png\",\"caption\":\"Growing Contigo, LLC\"},\"image\":{\"@id\":\"https:\\\/\\\/www.growingcontigo.com\\\/es\\\/#\\\/schema\\\/logo\\\/image\\\/\"},\"sameAs\":[\"https:\\\/\\\/www.facebook.com\\\/growingcontigo\",\"https:\\\/\\\/x.com\\\/GrowingContigo\",\"https:\\\/\\\/www.linkedin.com\\\/company\\\/growing-contigo\",\"https:\\\/\\\/www.instagram.com\\\/growingcontigo\\\/\"]}]}<\/script>\n<!-- \/ Yoast SEO plugin. -->","yoast_head_json":{"title":"SeaTac Welcoming Plaza - Growing Contigo, LLC","robots":{"index":"index","follow":"follow","max-snippet":"max-snippet:-1","max-image-preview":"max-image-preview:large","max-video-preview":"max-video-preview:-1"},"canonical":"https:\/\/www.growingcontigo.com\/es\/seatac-welcoming\/","og_locale":"es_ES","og_type":"article","og_title":"SeaTac Welcoming Plaza - Growing Contigo, LLC","og_description":"\u00a1Buscamos proveedores! A pocos pasos del Aeropuerto Internacional de Seattle-Tacoma y de la estaci\u00f3n de tren ligero SeaTac\/Airport Link, este lugar de activaci\u00f3n pone el tapete de bienvenida de SeaTac [&hellip;]","og_url":"https:\/\/www.growingcontigo.com\/es\/seatac-welcoming\/","og_site_name":"Growing Contigo, LLC","article_publisher":"https:\/\/www.facebook.com\/growingcontigo","article_modified_time":"2026-05-12T22:06:28+00:00","og_image":[{"width":1920,"height":2560,"url":"https:\/\/www.growingcontigo.com\/wp-content\/uploads\/2026\/05\/jason-charters-IorqsMssQH0-unsplash-scaled.jpg","type":"image\/jpeg"}],"twitter_card":"summary_large_image","twitter_site":"@GrowingContigo","twitter_misc":{"Tiempo de lectura":"1 minuto"},"schema":{"@context":"https:\/\/schema.org","@graph":[{"@type":"WebPage","@id":"https:\/\/www.growingcontigo.com\/es\/seatac-welcoming\/","url":"https:\/\/www.growingcontigo.com\/es\/seatac-welcoming\/","name":"SeaTac Welcoming Plaza - Growing Contigo, LLC","isPartOf":{"@id":"https:\/\/www.growingcontigo.com\/es\/#website"},"primaryImageOfPage":{"@id":"https:\/\/www.growingcontigo.com\/es\/seatac-welcoming\/#primaryimage"},"image":{"@id":"https:\/\/www.growingcontigo.com\/es\/seatac-welcoming\/#primaryimage"},"thumbnailUrl":"https:\/\/www.growingcontigo.com\/wp-content\/uploads\/2026\/05\/jason-charters-IorqsMssQH0-unsplash-768x1024.jpg","datePublished":"2026-04-28T23:39:50+00:00","dateModified":"2026-05-12T22:06:28+00:00","breadcrumb":{"@id":"https:\/\/www.growingcontigo.com\/es\/seatac-welcoming\/#breadcrumb"},"inLanguage":"es","potentialAction":[{"@type":"ReadAction","target":["https:\/\/www.growingcontigo.com\/es\/seatac-welcoming\/"]}]},{"@type":"ImageObject","inLanguage":"es","@id":"https:\/\/www.growingcontigo.com\/es\/seatac-welcoming\/#primaryimage","url":"https:\/\/www.growingcontigo.com\/wp-content\/uploads\/2026\/05\/jason-charters-IorqsMssQH0-unsplash-768x1024.jpg","contentUrl":"https:\/\/www.growingcontigo.com\/wp-content\/uploads\/2026\/05\/jason-charters-IorqsMssQH0-unsplash-768x1024.jpg"},{"@type":"BreadcrumbList","@id":"https:\/\/www.growingcontigo.com\/es\/seatac-welcoming\/#breadcrumb","itemListElement":[{"@type":"ListItem","position":1,"name":"Portada","item":"https:\/\/www.growingcontigo.com\/es\/inicio\/"},{"@type":"ListItem","position":2,"name":"SeaTac Welcoming Plaza"}]},{"@type":"WebSite","@id":"https:\/\/www.growingcontigo.com\/es\/#website","url":"https:\/\/www.growingcontigo.com\/es\/","name":"Growing Contigo, LLC","description":"Building stronger communities through economic empowerment.","publisher":{"@id":"https:\/\/www.growingcontigo.com\/es\/#organization"},"potentialAction":[{"@type":"SearchAction","target":{"@type":"EntryPoint","urlTemplate":"https:\/\/www.growingcontigo.com\/es\/?s={search_term_string}"},"query-input":{"@type":"PropertyValueSpecification","valueRequired":true,"valueName":"search_term_string"}}],"inLanguage":"es"},{"@type":"Organization","@id":"https:\/\/www.growingcontigo.com\/es\/#organization","name":"Growing Contigo, LLC","url":"https:\/\/www.growingcontigo.com\/es\/","logo":{"@type":"ImageObject","inLanguage":"es","@id":"https:\/\/www.growingcontigo.com\/es\/#\/schema\/logo\/image\/","url":"https:\/\/www.growingcontigo.com\/wp-content\/uploads\/2023\/08\/growing-contigo-300-\u00d7-90-px-2500-\u00d7-900-px-300x108-1.png","contentUrl":"https:\/\/www.growingcontigo.com\/wp-content\/uploads\/2023\/08\/growing-contigo-300-\u00d7-90-px-2500-\u00d7-900-px-300x108-1.png","caption":"Growing Contigo, LLC"},"image":{"@id":"https:\/\/www.growingcontigo.com\/es\/#\/schema\/logo\/image\/"},"sameAs":["https:\/\/www.facebook.com\/growingcontigo","https:\/\/x.com\/GrowingContigo","https:\/\/www.linkedin.com\/company\/growing-contigo","https:\/\/www.instagram.com\/growingcontigo\/"]}]}},"_links":{"self":[{"href":"https:\/\/www.growingcontigo.com\/es\/wp-json\/wp\/v2\/pages\/4055","targetHints":{"allow":["GET"]}}],"collection":[{"href":"https:\/\/www.growingcontigo.com\/es\/wp-json\/wp\/v2\/pages"}],"about":[{"href":"https:\/\/www.growingcontigo.com\/es\/wp-json\/wp\/v2\/types\/page"}],"author":[{"embeddable":true,"href":"https:\/\/www.growingcontigo.com\/es\/wp-json\/wp\/v2\/users\/2"}],"replies":[{"embeddable":true,"href":"https:\/\/www.growingcontigo.com\/es\/wp-json\/wp\/v2\/comments?post=4055"}],"version-history":[{"count":34,"href":"https:\/\/www.growingcontigo.com\/es\/wp-json\/wp\/v2\/pages\/4055\/revisions"}],"predecessor-version":[{"id":4207,"href":"https:\/\/www.growingcontigo.com\/es\/wp-json\/wp\/v2\/pages\/4055\/revisions\/4207"}],"wp:attachment":[{"href":"https:\/\/www.growingcontigo.com\/es\/wp-json\/wp\/v2\/media?parent=4055"}],"curies":[{"name":"wp","href":"https:\/\/api.w.org\/{rel}","templated":true}]}}