{"id":3946,"date":"2024-01-08T20:32:35","date_gmt":"2024-01-09T04:32:35","guid":{"rendered":"https:\/\/www.growingcontigo.com\/servicios\/programa-abc-de-la-oed-de-seattle\/"},"modified":"2026-04-09T14:44:18","modified_gmt":"2026-04-09T21:44:18","slug":"programa-abc-de-la-oed-de-seattle","status":"publish","type":"page","link":"https:\/\/www.growingcontigo.com\/es\/servicios\/programa-abc-de-la-oed-de-seattle\/","title":{"rendered":"Programa ABC de la OED de Seattle"},"content":{"rendered":"\t\t<div data-elementor-type=\"wp-page\" data-elementor-id=\"3946\" class=\"elementor elementor-3946 elementor-1468\" data-elementor-post-type=\"page\">\n\t\t\t\t<div class=\"elementor-element elementor-element-302e1a7 e-flex e-con-boxed e-con e-parent\" data-id=\"302e1a7\" data-element_type=\"container\" data-e-type=\"container\">\n\t\t\t\t\t<div class=\"e-con-inner\">\n\t\t\t\t<div class=\"elementor-element elementor-element-5211eac elementor-widget elementor-widget-image\" data-id=\"5211eac\" data-element_type=\"widget\" data-e-type=\"widget\" data-widget_type=\"image.default\">\n\t\t\t\t<div class=\"elementor-widget-container\">\n\t\t\t\t\t\t\t\t\t\t\t\t\t\t\t\t<a href=\"https:\/\/www.seattle.gov\/office-of-economic-development\" target=\"_blank\">\n\t\t\t\t\t\t\t<img fetchpriority=\"high\" decoding=\"async\" width=\"768\" height=\"257\" src=\"https:\/\/www.growingcontigo.com\/wp-content\/uploads\/2024\/01\/OED-Full-Logo_horizontal-768x257.png\" class=\"attachment-medium_large size-medium_large wp-image-3738\" alt=\"\" srcset=\"https:\/\/www.growingcontigo.com\/wp-content\/uploads\/2024\/01\/OED-Full-Logo_horizontal-768x257.png 768w, https:\/\/www.growingcontigo.com\/wp-content\/uploads\/2024\/01\/OED-Full-Logo_horizontal-300x101.png 300w, https:\/\/www.growingcontigo.com\/wp-content\/uploads\/2024\/01\/OED-Full-Logo_horizontal-1024x343.png 1024w, https:\/\/www.growingcontigo.com\/wp-content\/uploads\/2024\/01\/OED-Full-Logo_horizontal-1536x515.png 1536w, https:\/\/www.growingcontigo.com\/wp-content\/uploads\/2024\/01\/OED-Full-Logo_horizontal-18x6.png 18w, https:\/\/www.growingcontigo.com\/wp-content\/uploads\/2024\/01\/OED-Full-Logo_horizontal.png 2000w\" sizes=\"(max-width: 768px) 100vw, 768px\" \/>\t\t\t\t\t\t\t\t<\/a>\n\t\t\t\t\t\t\t\t\t\t\t\t\t\t\t<\/div>\n\t\t\t\t<\/div>\n\t\t\t\t<div class=\"elementor-element elementor-element-8d78c86 elementor-widget elementor-widget-heading\" data-id=\"8d78c86\" data-element_type=\"widget\" data-e-type=\"widget\" data-widget_type=\"heading.default\">\n\t\t\t\t<div class=\"elementor-widget-container\">\n\t\t\t\t\t<h2 class=\"elementor-heading-title elementor-size-default\"><a href=\"https:\/\/www.seattle.gov\/office-of-economic-development\/commercial-affordability\/accounting-and-business-consulting-program\" target=\"_blank\">Programa de consultor\u00eda empresarial y contable de la ciudad de Seattle<\/a><\/h2>\t\t\t\t<\/div>\n\t\t\t\t<\/div>\n\t\t\t\t<div class=\"elementor-element elementor-element-5a9fda0 elementor-widget elementor-widget-text-editor\" data-id=\"5a9fda0\" data-element_type=\"widget\" data-e-type=\"widget\" data-widget_type=\"text-editor.default\">\n\t\t\t\t<div class=\"elementor-widget-container\">\n\t\t\t\t\t\t\t\t\t<p>El programa <strong>Accounting and Business Consulting (ABC)<\/strong>, creado por la <strong>Office of Economic Development de la ciudad de Seattle<\/strong>, ofrece a peque\u00f1as empresas y emprendedores con sede en Seattle consultas gratuitas con proveedores de Asistencia T\u00e9cnica (TA), tambi\u00e9n conocidos como consultores ABC.<\/p><p><strong>Growing Contigo<\/strong> fue seleccionada como una de estas <strong>ABC Consultants<\/strong> para ofrecer hasta 10 horas de apoyo gratuito mediante sesiones individuales de consultor\u00eda empresarial para peque\u00f1as empresas que cumplan los siguientes criterios:<\/p><ol><li>Estar ubicadas f\u00edsicamente dentro de los l\u00edmites de la ciudad de Seattle<\/li><li>Tener una licencia comercial activa de la ciudad de Seattle<\/li><li>No tener m\u00e1s de dos (2) establecimientos<\/li><li>Tener una plantilla de 50 empleados a tiempo completo o menos<\/li><li>Generar unos ingresos brutos anuales inferiores a 5 millones de d\u00f3lares<\/li><\/ol><p>El objetivo del Programa ABC es ayudar a propietarios de peque\u00f1as empresas hist\u00f3ricamente desfavorecidos para que adquieran una comprensi\u00f3n fundamental de las mejores pr\u00e1cticas contables y empresariales, con el fin de establecer y fortalecer sus sistemas contables y financieros, hacer crecer y ampliar sus operaciones empresariales y crear m\u00e1s oportunidades para la creaci\u00f3n de riqueza a largo plazo. Este Programa no pretende que los Consultores de ABC presten servicios empresariales continuos a los participantes de este programa; m\u00e1s bien, ofrece apoyo espec\u00edfico para que las peque\u00f1as empresas puedan gestionar de forma independiente sus propias finanzas, sistemas contables y operaciones empresariales.<\/p><h4 style=\"text-align: center;\"><a href=\"https:\/\/zfrmz.com\/kOxKeETBm4bjZEWZQpSM\" target=\"_blank\" rel=\"noopener\">[PROGRAMAR UNA CONSULTA (Ingl\u00e9s)]<\/a><\/h4><h4 style=\"text-align: center;\"><a href=\"https:\/\/zfrmz.com\/kOxKeETBm4bjZEWZQpSM?zf_lang=es\" target=\"_blank\" rel=\"noopener\">[PROGRAMAR UNA CONSULTA (Espa\u00f1ol)]<\/a><\/h4>\t\t\t\t\t\t\t\t<\/div>\n\t\t\t\t<\/div>\n\t\t\t\t\t<\/div>\n\t\t\t\t<\/div>\n\t\t\t\t<\/div>\n\t\t","protected":false},"excerpt":{"rendered":"<p>Programa de consultor\u00eda empresarial y contable de la ciudad de Seattle El programa Accounting and Business Consulting (ABC), creado por la Office of Economic Development de la ciudad de Seattle, [&hellip;]<\/p>\n","protected":false},"author":1,"featured_media":0,"parent":3847,"menu_order":0,"comment_status":"closed","ping_status":"closed","template":"","meta":{"_monsterinsights_skip_tracking":false,"_monsterinsights_sitenote_active":false,"_monsterinsights_sitenote_note":"","_monsterinsights_sitenote_category":0,"site-sidebar-layout":"no-sidebar","site-content-layout":"","ast-site-content-layout":"full-width-container","site-content-style":"default","site-sidebar-style":"default","ast-global-header-display":"","ast-banner-title-visibility":"","ast-main-header-display":"","ast-hfb-above-header-display":"","ast-hfb-below-header-display":"","ast-hfb-mobile-header-display":"","site-post-title":"disabled","ast-breadcrumbs-content":"","ast-featured-img":"disabled","footer-sml-layout":"","ast-disable-related-posts":"","theme-transparent-header-meta":"","adv-header-id-meta":"","stick-header-meta":"","header-above-stick-meta":"","header-main-stick-meta":"","header-below-stick-meta":"","astra-migrate-meta-layouts":"default","ast-page-background-enabled":"default","ast-page-background-meta":{"desktop":{"background-color":"var(--ast-global-color-4)","background-image":"","background-repeat":"repeat","background-position":"center center","background-size":"auto","background-attachment":"scroll","background-type":"","background-media":"","overlay-type":"","overlay-color":"","overlay-opacity":"","overlay-gradient":""},"tablet":{"background-color":"","background-image":"","background-repeat":"repeat","background-position":"center center","background-size":"auto","background-attachment":"scroll","background-type":"","background-media":"","overlay-type":"","overlay-color":"","overlay-opacity":"","overlay-gradient":""},"mobile":{"background-color":"","background-image":"","background-repeat":"repeat","background-position":"center center","background-size":"auto","background-attachment":"scroll","background-type":"","background-media":"","overlay-type":"","overlay-color":"","overlay-opacity":"","overlay-gradient":""}},"ast-content-background-meta":{"desktop":{"background-color":"var(--ast-global-color-5)","background-image":"","background-repeat":"repeat","background-position":"center center","background-size":"auto","background-attachment":"scroll","background-type":"","background-media":"","overlay-type":"","overlay-color":"","overlay-opacity":"","overlay-gradient":""},"tablet":{"background-color":"var(--ast-global-color-5)","background-image":"","background-repeat":"repeat","background-position":"center center","background-size":"auto","background-attachment":"scroll","background-type":"","background-media":"","overlay-type":"","overlay-color":"","overlay-opacity":"","overlay-gradient":""},"mobile":{"background-color":"var(--ast-global-color-5)","background-image":"","background-repeat":"repeat","background-position":"center center","background-size":"auto","background-attachment":"scroll","background-type":"","background-media":"","overlay-type":"","overlay-color":"","overlay-opacity":"","overlay-gradient":""}},"footnotes":"","_links_to":"","_links_to_target":""},"class_list":["post-3946","page","type-page","status-publish","hentry"],"yoast_head":"<!-- This site is optimized with the Yoast SEO plugin v27.4 - https:\/\/yoast.com\/product\/yoast-seo-wordpress\/ -->\n<title>Programa ABC de la OED de Seattle - Growing Contigo, LLC<\/title>\n<meta name=\"robots\" content=\"index, follow, max-snippet:-1, max-image-preview:large, max-video-preview:-1\" \/>\n<link rel=\"canonical\" href=\"https:\/\/www.growingcontigo.com\/es\/servicios\/programa-abc-de-la-oed-de-seattle\/\" \/>\n<meta property=\"og:locale\" content=\"es_ES\" \/>\n<meta property=\"og:type\" content=\"article\" \/>\n<meta property=\"og:title\" content=\"Programa ABC de la OED de Seattle - Growing Contigo, LLC\" \/>\n<meta property=\"og:description\" content=\"Programa de consultor\u00eda empresarial y contable de la ciudad de Seattle El programa Accounting and Business Consulting (ABC), creado por la Office of Economic Development de la ciudad de Seattle, [&hellip;]\" \/>\n<meta property=\"og:url\" content=\"https:\/\/www.growingcontigo.com\/es\/servicios\/programa-abc-de-la-oed-de-seattle\/\" \/>\n<meta property=\"og:site_name\" content=\"Growing Contigo, LLC\" \/>\n<meta property=\"article:publisher\" content=\"https:\/\/www.facebook.com\/growingcontigo\" \/>\n<meta property=\"article:modified_time\" content=\"2026-04-09T21:44:18+00:00\" \/>\n<meta property=\"og:image\" content=\"https:\/\/www.growingcontigo.com\/wp-content\/uploads\/2024\/01\/OED-Full-Logo_horizontal.png\" \/>\n\t<meta property=\"og:image:width\" content=\"2000\" \/>\n\t<meta property=\"og:image:height\" content=\"670\" \/>\n\t<meta property=\"og:image:type\" content=\"image\/png\" \/>\n<meta name=\"twitter:card\" content=\"summary_large_image\" \/>\n<meta name=\"twitter:site\" content=\"@GrowingContigo\" \/>\n<meta name=\"twitter:label1\" content=\"Tiempo de lectura\" \/>\n\t<meta name=\"twitter:data1\" content=\"1 minuto\" \/>\n<script type=\"application\/ld+json\" class=\"yoast-schema-graph\">{\"@context\":\"https:\\\/\\\/schema.org\",\"@graph\":[{\"@type\":\"WebPage\",\"@id\":\"https:\\\/\\\/www.growingcontigo.com\\\/es\\\/servicios\\\/programa-abc-de-la-oed-de-seattle\\\/\",\"url\":\"https:\\\/\\\/www.growingcontigo.com\\\/es\\\/servicios\\\/programa-abc-de-la-oed-de-seattle\\\/\",\"name\":\"Programa ABC de la OED de Seattle - Growing Contigo, LLC\",\"isPartOf\":{\"@id\":\"https:\\\/\\\/www.growingcontigo.com\\\/es\\\/#website\"},\"primaryImageOfPage\":{\"@id\":\"https:\\\/\\\/www.growingcontigo.com\\\/es\\\/servicios\\\/programa-abc-de-la-oed-de-seattle\\\/#primaryimage\"},\"image\":{\"@id\":\"https:\\\/\\\/www.growingcontigo.com\\\/es\\\/servicios\\\/programa-abc-de-la-oed-de-seattle\\\/#primaryimage\"},\"thumbnailUrl\":\"https:\\\/\\\/www.growingcontigo.com\\\/wp-content\\\/uploads\\\/2024\\\/01\\\/OED-Full-Logo_horizontal-768x257.png\",\"datePublished\":\"2024-01-09T04:32:35+00:00\",\"dateModified\":\"2026-04-09T21:44:18+00:00\",\"breadcrumb\":{\"@id\":\"https:\\\/\\\/www.growingcontigo.com\\\/es\\\/servicios\\\/programa-abc-de-la-oed-de-seattle\\\/#breadcrumb\"},\"inLanguage\":\"es\",\"potentialAction\":[{\"@type\":\"ReadAction\",\"target\":[\"https:\\\/\\\/www.growingcontigo.com\\\/es\\\/servicios\\\/programa-abc-de-la-oed-de-seattle\\\/\"]}]},{\"@type\":\"ImageObject\",\"inLanguage\":\"es\",\"@id\":\"https:\\\/\\\/www.growingcontigo.com\\\/es\\\/servicios\\\/programa-abc-de-la-oed-de-seattle\\\/#primaryimage\",\"url\":\"https:\\\/\\\/www.growingcontigo.com\\\/wp-content\\\/uploads\\\/2024\\\/01\\\/OED-Full-Logo_horizontal-768x257.png\",\"contentUrl\":\"https:\\\/\\\/www.growingcontigo.com\\\/wp-content\\\/uploads\\\/2024\\\/01\\\/OED-Full-Logo_horizontal-768x257.png\"},{\"@type\":\"BreadcrumbList\",\"@id\":\"https:\\\/\\\/www.growingcontigo.com\\\/es\\\/servicios\\\/programa-abc-de-la-oed-de-seattle\\\/#breadcrumb\",\"itemListElement\":[{\"@type\":\"ListItem\",\"position\":1,\"name\":\"Home\",\"item\":\"https:\\\/\\\/www.growingcontigo.com\\\/es\\\/inicio\\\/\"},{\"@type\":\"ListItem\",\"position\":2,\"name\":\"Servicios\",\"item\":\"https:\\\/\\\/www.growingcontigo.com\\\/es\\\/servicios\\\/\"},{\"@type\":\"ListItem\",\"position\":3,\"name\":\"Programa ABC de la OED de Seattle\"}]},{\"@type\":\"WebSite\",\"@id\":\"https:\\\/\\\/www.growingcontigo.com\\\/es\\\/#website\",\"url\":\"https:\\\/\\\/www.growingcontigo.com\\\/es\\\/\",\"name\":\"Growing Contigo, LLC\",\"description\":\"Building stronger communities through economic empowerment.\",\"publisher\":{\"@id\":\"https:\\\/\\\/www.growingcontigo.com\\\/es\\\/#organization\"},\"potentialAction\":[{\"@type\":\"SearchAction\",\"target\":{\"@type\":\"EntryPoint\",\"urlTemplate\":\"https:\\\/\\\/www.growingcontigo.com\\\/es\\\/?s={search_term_string}\"},\"query-input\":{\"@type\":\"PropertyValueSpecification\",\"valueRequired\":true,\"valueName\":\"search_term_string\"}}],\"inLanguage\":\"es\"},{\"@type\":\"Organization\",\"@id\":\"https:\\\/\\\/www.growingcontigo.com\\\/es\\\/#organization\",\"name\":\"Growing Contigo, LLC\",\"url\":\"https:\\\/\\\/www.growingcontigo.com\\\/es\\\/\",\"logo\":{\"@type\":\"ImageObject\",\"inLanguage\":\"es\",\"@id\":\"https:\\\/\\\/www.growingcontigo.com\\\/es\\\/#\\\/schema\\\/logo\\\/image\\\/\",\"url\":\"https:\\\/\\\/www.growingcontigo.com\\\/wp-content\\\/uploads\\\/2023\\\/08\\\/growing-contigo-300-\u00d7-90-px-2500-\u00d7-900-px-300x108-1.png\",\"contentUrl\":\"https:\\\/\\\/www.growingcontigo.com\\\/wp-content\\\/uploads\\\/2023\\\/08\\\/growing-contigo-300-\u00d7-90-px-2500-\u00d7-900-px-300x108-1.png\",\"caption\":\"Growing Contigo, LLC\"},\"image\":{\"@id\":\"https:\\\/\\\/www.growingcontigo.com\\\/es\\\/#\\\/schema\\\/logo\\\/image\\\/\"},\"sameAs\":[\"https:\\\/\\\/www.facebook.com\\\/growingcontigo\",\"https:\\\/\\\/x.com\\\/GrowingContigo\",\"https:\\\/\\\/www.linkedin.com\\\/company\\\/growing-contigo\",\"https:\\\/\\\/www.instagram.com\\\/growingcontigo\\\/\"]}]}<\/script>\n<!-- \/ Yoast SEO plugin. -->","yoast_head_json":{"title":"Programa ABC de la OED de Seattle - Growing Contigo, LLC","robots":{"index":"index","follow":"follow","max-snippet":"max-snippet:-1","max-image-preview":"max-image-preview:large","max-video-preview":"max-video-preview:-1"},"canonical":"https:\/\/www.growingcontigo.com\/es\/servicios\/programa-abc-de-la-oed-de-seattle\/","og_locale":"es_ES","og_type":"article","og_title":"Programa ABC de la OED de Seattle - Growing Contigo, LLC","og_description":"Programa de consultor\u00eda empresarial y contable de la ciudad de Seattle El programa Accounting and Business Consulting (ABC), creado por la Office of Economic Development de la ciudad de Seattle, [&hellip;]","og_url":"https:\/\/www.growingcontigo.com\/es\/servicios\/programa-abc-de-la-oed-de-seattle\/","og_site_name":"Growing Contigo, LLC","article_publisher":"https:\/\/www.facebook.com\/growingcontigo","article_modified_time":"2026-04-09T21:44:18+00:00","og_image":[{"width":2000,"height":670,"url":"https:\/\/www.growingcontigo.com\/wp-content\/uploads\/2024\/01\/OED-Full-Logo_horizontal.png","type":"image\/png"}],"twitter_card":"summary_large_image","twitter_site":"@GrowingContigo","twitter_misc":{"Tiempo de lectura":"1 minuto"},"schema":{"@context":"https:\/\/schema.org","@graph":[{"@type":"WebPage","@id":"https:\/\/www.growingcontigo.com\/es\/servicios\/programa-abc-de-la-oed-de-seattle\/","url":"https:\/\/www.growingcontigo.com\/es\/servicios\/programa-abc-de-la-oed-de-seattle\/","name":"Programa ABC de la OED de Seattle - Growing Contigo, LLC","isPartOf":{"@id":"https:\/\/www.growingcontigo.com\/es\/#website"},"primaryImageOfPage":{"@id":"https:\/\/www.growingcontigo.com\/es\/servicios\/programa-abc-de-la-oed-de-seattle\/#primaryimage"},"image":{"@id":"https:\/\/www.growingcontigo.com\/es\/servicios\/programa-abc-de-la-oed-de-seattle\/#primaryimage"},"thumbnailUrl":"https:\/\/www.growingcontigo.com\/wp-content\/uploads\/2024\/01\/OED-Full-Logo_horizontal-768x257.png","datePublished":"2024-01-09T04:32:35+00:00","dateModified":"2026-04-09T21:44:18+00:00","breadcrumb":{"@id":"https:\/\/www.growingcontigo.com\/es\/servicios\/programa-abc-de-la-oed-de-seattle\/#breadcrumb"},"inLanguage":"es","potentialAction":[{"@type":"ReadAction","target":["https:\/\/www.growingcontigo.com\/es\/servicios\/programa-abc-de-la-oed-de-seattle\/"]}]},{"@type":"ImageObject","inLanguage":"es","@id":"https:\/\/www.growingcontigo.com\/es\/servicios\/programa-abc-de-la-oed-de-seattle\/#primaryimage","url":"https:\/\/www.growingcontigo.com\/wp-content\/uploads\/2024\/01\/OED-Full-Logo_horizontal-768x257.png","contentUrl":"https:\/\/www.growingcontigo.com\/wp-content\/uploads\/2024\/01\/OED-Full-Logo_horizontal-768x257.png"},{"@type":"BreadcrumbList","@id":"https:\/\/www.growingcontigo.com\/es\/servicios\/programa-abc-de-la-oed-de-seattle\/#breadcrumb","itemListElement":[{"@type":"ListItem","position":1,"name":"Home","item":"https:\/\/www.growingcontigo.com\/es\/inicio\/"},{"@type":"ListItem","position":2,"name":"Servicios","item":"https:\/\/www.growingcontigo.com\/es\/servicios\/"},{"@type":"ListItem","position":3,"name":"Programa ABC de la OED de Seattle"}]},{"@type":"WebSite","@id":"https:\/\/www.growingcontigo.com\/es\/#website","url":"https:\/\/www.growingcontigo.com\/es\/","name":"Growing Contigo, LLC","description":"Building stronger communities through economic empowerment.","publisher":{"@id":"https:\/\/www.growingcontigo.com\/es\/#organization"},"potentialAction":[{"@type":"SearchAction","target":{"@type":"EntryPoint","urlTemplate":"https:\/\/www.growingcontigo.com\/es\/?s={search_term_string}"},"query-input":{"@type":"PropertyValueSpecification","valueRequired":true,"valueName":"search_term_string"}}],"inLanguage":"es"},{"@type":"Organization","@id":"https:\/\/www.growingcontigo.com\/es\/#organization","name":"Growing Contigo, LLC","url":"https:\/\/www.growingcontigo.com\/es\/","logo":{"@type":"ImageObject","inLanguage":"es","@id":"https:\/\/www.growingcontigo.com\/es\/#\/schema\/logo\/image\/","url":"https:\/\/www.growingcontigo.com\/wp-content\/uploads\/2023\/08\/growing-contigo-300-\u00d7-90-px-2500-\u00d7-900-px-300x108-1.png","contentUrl":"https:\/\/www.growingcontigo.com\/wp-content\/uploads\/2023\/08\/growing-contigo-300-\u00d7-90-px-2500-\u00d7-900-px-300x108-1.png","caption":"Growing Contigo, LLC"},"image":{"@id":"https:\/\/www.growingcontigo.com\/es\/#\/schema\/logo\/image\/"},"sameAs":["https:\/\/www.facebook.com\/growingcontigo","https:\/\/x.com\/GrowingContigo","https:\/\/www.linkedin.com\/company\/growing-contigo","https:\/\/www.instagram.com\/growingcontigo\/"]}]}},"_links":{"self":[{"href":"https:\/\/www.growingcontigo.com\/es\/wp-json\/wp\/v2\/pages\/3946","targetHints":{"allow":["GET"]}}],"collection":[{"href":"https:\/\/www.growingcontigo.com\/es\/wp-json\/wp\/v2\/pages"}],"about":[{"href":"https:\/\/www.growingcontigo.com\/es\/wp-json\/wp\/v2\/types\/page"}],"author":[{"embeddable":true,"href":"https:\/\/www.growingcontigo.com\/es\/wp-json\/wp\/v2\/users\/1"}],"replies":[{"embeddable":true,"href":"https:\/\/www.growingcontigo.com\/es\/wp-json\/wp\/v2\/comments?post=3946"}],"version-history":[{"count":3,"href":"https:\/\/www.growingcontigo.com\/es\/wp-json\/wp\/v2\/pages\/3946\/revisions"}],"predecessor-version":[{"id":4013,"href":"https:\/\/www.growingcontigo.com\/es\/wp-json\/wp\/v2\/pages\/3946\/revisions\/4013"}],"up":[{"embeddable":true,"href":"https:\/\/www.growingcontigo.com\/es\/wp-json\/wp\/v2\/pages\/3847"}],"wp:attachment":[{"href":"https:\/\/www.growingcontigo.com\/es\/wp-json\/wp\/v2\/media?parent=3946"}],"curies":[{"name":"wp","href":"https:\/\/api.w.org\/{rel}","templated":true}]}}