{"id":3861,"date":"2024-02-02T20:43:12","date_gmt":"2024-02-03T04:43:12","guid":{"rendered":"https:\/\/www.growingcontigo.com\/politica-de-privacidad\/"},"modified":"2026-01-30T18:08:24","modified_gmt":"2026-01-31T02:08:24","slug":"politica-de-privacidad","status":"publish","type":"page","link":"https:\/\/www.growingcontigo.com\/es\/politica-de-privacidad\/","title":{"rendered":"Pol\u00edtica de privacidad"},"content":{"rendered":"\t\t<div data-elementor-type=\"wp-page\" data-elementor-id=\"3861\" class=\"elementor elementor-3861 elementor-1850\" data-elementor-post-type=\"page\">\n\t\t\t\t<div class=\"elementor-element elementor-element-78f9921 e-flex e-con-boxed e-con e-parent\" data-id=\"78f9921\" data-element_type=\"container\" data-e-type=\"container\">\n\t\t\t\t\t<div class=\"e-con-inner\">\n\t\t\t\t<div class=\"elementor-element elementor-element-0d61cfb elementor-widget elementor-widget-text-editor\" data-id=\"0d61cfb\" data-element_type=\"widget\" data-e-type=\"widget\" data-widget_type=\"text-editor.default\">\n\t\t\t\t<div class=\"elementor-widget-container\">\n\t\t\t\t\t\t\t\t\t<p style=\"text-align: center;\"><strong>Pol\u00edtica de privacidad<\/strong><\/p><p><strong>Fecha de entrada en vigor:<\/strong> 1 de enero de 2024<\/p><p>Growing Contigo, LLC se compromete a respetar la privacidad de los usuarios, el tipo de informaci\u00f3n de usuario que recopila a trav\u00e9s de nuestro sitio web <a href=\"https:\/\/www.growingcontigo.com\/es\/\">www.growingcontigo.com<\/a> y por cualquier otro medio, y el mantenimiento de esta informaci\u00f3n. Al visitar <a href=\"https:\/\/www.growingcontigo.com\/es\/\">www.growingcontigo.com<\/a>, aceptas las pr\u00e1cticas descritas en esta declaraci\u00f3n. <\/p><p><strong>Prop\u00f3sito:<\/strong> El prop\u00f3sito de esta Pol\u00edtica de privacidad es informar a los usuarios de nuestro sitio web de lo siguiente:<\/p><ol><li>Los datos personales que recopilamos;<\/li><li>El uso de los datos recopilados;<\/li><li>Qui\u00e9n tiene acceso a los datos recopilados;<\/li><li>Los derechos de los usuarios del sitio web; y<\/li><li>La pol\u00edtica de cookies del sitio web.<\/li><\/ol><p>Esta Pol\u00edtica de privacidad se aplica adem\u00e1s de los T\u00e9rminos y condiciones de nuestro sitio web.<\/p><p><strong>Informaci\u00f3n del suscriptor:<\/strong> Las personas que se registran para recibir comunicaciones electr\u00f3nicas de Growing Contigo nos proporcionan voluntariamente informaci\u00f3n de contacto (como el nombre y la direcci\u00f3n de correo electr\u00f3nico). Podemos utilizar esta informaci\u00f3n para fines espec\u00edficos y limitados, como se describe a continuaci\u00f3n. Siempre puedes darte de baja, ya sea ahora o en cualquier momento en el futuro, si no deseas recibir nuestros mensajes. Cuando te registras para asistir a un evento, tambi\u00e9n se te pedir\u00e1 informaci\u00f3n personal adicional.   <\/p><p><strong>Redes sociales:<\/strong> El sitio web de Growing Contigo incluye funciones de redes sociales (como el bot\u00f3n \u00abMe gusta\u00bb de Facebook). Estas funciones pueden recopilar tu direcci\u00f3n IP y la p\u00e1gina que est\u00e1s visitando en nuestro sitio web, y pueden establecer una cookie para permitir que la funci\u00f3n funcione correctamente. Las funciones y los widgets de las redes sociales pueden estar alojados por un tercero o directamente en nuestro sitio web. Tus interacciones con estas funciones se rigen por la pol\u00edtica de privacidad de la empresa que proporciona la funci\u00f3n.   <\/p><p><strong>Cookies y seguimiento:<\/strong> El sitio web de Growing Contigo utiliza diferentes tipos de cookies (que son recopilaciones electr\u00f3nicas de informaci\u00f3n almacenada en un ordenador local que los sitios web utilizan para realizar un seguimiento de los visitantes y los usuarios registrados y para relacionar una transacci\u00f3n inform\u00e1tica con otra posterior) y otros m\u00e9todos de seguimiento \u00fanico de los visitantes para diferentes fines. Tus interacciones con estas funciones se rigen por esta Pol\u00edtica de privacidad, adem\u00e1s de los T\u00e9rminos y condiciones. <\/p><p><strong>RGPD:<\/strong> Para los usuarios de la Uni\u00f3n Europea, cumplimos con el Reglamento (UE) 2016\/679 del Parlamento Europeo y del Consejo, de 27 de abril de 2016, conocido como el Reglamento General de Protecci\u00f3n de Datos (el \u00abRGPD\u00bb). Para los usuarios del Reino Unido, cumplimos con el RGPD tal como est\u00e1 consagrado en la Ley de Protecci\u00f3n de Datos de 2018. <\/p><p>No hemos nombrado a un Delegado de Protecci\u00f3n de Datos, ya que no entramos dentro de las categor\u00edas de responsables y encargados del tratamiento obligados a nombrar a un Delegado de Protecci\u00f3n de Datos en virtud del art\u00edculo 37 del RGPD.<\/p><p><strong>Enlaces externos:<\/strong> Growing Contigo puede proporcionar enlaces a algunos sitios web de terceros para tu comodidad. Los sitios web enlazados tienen declaraciones de privacidad, avisos y condiciones de uso independientes que te recomendamos que leas atentamente. Cuando visitas o realizas compras a trav\u00e9s de estos sitios de terceros, es posible que se te pida que proporciones informaci\u00f3n personal, como tu nombre, direcci\u00f3n, direcci\u00f3n de correo electr\u00f3nico, n\u00famero de tel\u00e9fono e informaci\u00f3n de la tarjeta de cr\u00e9dito\/d\u00e9bito. Ten en cuenta que, en tales casos, est\u00e1s proporcionando informaci\u00f3n a un tercero y Growing Contigo no tiene control sobre el uso que dicho tercero haga de la informaci\u00f3n que proporciones y, por lo tanto, Growing Contigo no tiene responsabilidad alguna por la forma en que el tercero que opera un sitio web enlazado pueda recopilar, utilizar, divulgar, asegurar o tratar de otro modo tu informaci\u00f3n personal. Salvo lo dispuesto en el presente documento, Growing Contigo no proporcionar\u00e1 ninguna de tu informaci\u00f3n personal a terceros sin tu consentimiento.    <\/p><p><strong>An\u00e1lisis\/Estad\u00edsticas:<\/strong> Growing Contigo utiliza la informaci\u00f3n recopilada de los an\u00e1lisis de nuestro sitio web (por ejemplo, la direcci\u00f3n IP del usuario, la ubicaci\u00f3n geogr\u00e1fica, los detalles del hardware y el software, los enlaces en los que se ha hecho clic y el contenido visualizado) para ayudar a diagnosticar problemas y para administrar y optimizar nuestro sitio web. Growing Contigo tambi\u00e9n recopila informaci\u00f3n demogr\u00e1fica general de estos datos para ayudar a mejorar nuestro sitio web y hacer que tu experiencia de navegaci\u00f3n y compra sea m\u00e1s receptiva, eficiente o agradable. Cualquier estad\u00edstica recopilada a trav\u00e9s de nuestro sitio web es propiedad exclusiva de Growing Contigo. Tus interacciones en el sitio web se rigen por esta Pol\u00edtica de privacidad, adem\u00e1s de los T\u00e9rminos y condiciones.   <\/p><p><strong>T\u00e9rminos y condiciones de los SMS:<\/strong> La informaci\u00f3n obtenida como parte del proceso de consentimiento de los SMS no se compartir\u00e1 con terceros. <\/p><p><strong>Tipos de comunicaciones por SMS<\/strong>: Si has dado tu consentimiento para recibir mensajes de texto de Growing Contigo, es posible que recibas mensajes de texto relacionados con las comunicaciones internas con los empleados con respecto a los horarios, las citas y cualquier problema relacionado con el trabajo. Comunicaciones externas con nuestros clientes para comunicar citas, servicios, instalaciones y resoluci\u00f3n de problemas.  <\/p><p><strong>Divulgaciones est\u00e1ndar de mensajer\u00eda SMS:<\/strong> Se pueden aplicar tarifas de mensajes y datos.<\/p><p>Puedes darte de baja en cualquier momento enviando un mensaje de texto con la palabra \u00abSTOP\u00bb. Para obtener ayuda, env\u00eda un mensaje de texto con la palabra \u00abHELP\u00bb. <\/p><p><strong>Recopilaci\u00f3n de datos personales:<\/strong> Tambi\u00e9n podemos recopilar los siguientes datos cuando realizas ciertas funciones en nuestro sitio web.<\/p><ol><li>Nombre y apellido;<\/li><li>Edad;<\/li><li>Direcci\u00f3n de correo electr\u00f3nico;<\/li><li>N\u00famero de tel\u00e9fono;<\/li><li>Direcci\u00f3n;<\/li><li>Informaci\u00f3n de pago; y<\/li><li>Cualquier otro dato necesario para prestar nuestros servicios.<\/li><\/ol><p><strong>Uso de datos personales:<\/strong> Los datos recopilados en nuestro sitio web pueden utilizarse para los siguientes fines:<\/p><ol><li>Crear una cuenta;<\/li><li>Determinar la elegibilidad para los servicios y programas;<\/li><li>Recopilar informaci\u00f3n demogr\u00e1fica general;<\/li><li>Enviar comunicaciones; y<\/li><li>Informar a las agencias asociadas seg\u00fan sea necesario.<\/li><\/ol><p>Los datos recopilados en nuestro sitio web solo se utilizar\u00e1n para los fines especificados en esta Pol\u00edtica de privacidad, los T\u00e9rminos y condiciones, o indicados en las p\u00e1ginas correspondientes de nuestro sitio web. No utilizaremos tus datos m\u00e1s all\u00e1 de lo que divulgamos en esta Pol\u00edtica de privacidad y nuestros T\u00e9rminos y condiciones. <\/p><p><strong>Intercambio de informaci\u00f3n:<\/strong> Podemos divulgar los datos del usuario a cualquier miembro de nuestra organizaci\u00f3n que razonablemente necesite acceder a los datos del usuario para lograr los fines establecidos en esta Pol\u00edtica de privacidad. Se pueden compartir con terceros, incluidos voluntarios, agencias asociadas y consultores, solo si es estrictamente necesario. Los terceros no podr\u00e1n acceder a los datos del usuario m\u00e1s all\u00e1 de lo que sea razonablemente necesario para lograr el prop\u00f3sito dado. <span data-olk-copy-source=\"MessageBody\">No vendemos ni compartimos ning\u00fan consentimiento de SMS o n\u00fameros de tel\u00e9fono con terceros o afiliados para fines de marketing por SMS<\/span>.  <\/p><p><strong>Protecci\u00f3n de datos personales:<\/strong> Todos los datos solo son accesibles para nuestros empleados, a menos que se indique lo contrario en las p\u00e1ginas correspondientes de nuestro sitio web. Nuestros empleados est\u00e1n sujetos a estrictos acuerdos de confidencialidad y el incumplimiento de este acuerdo resultar\u00eda en la rescisi\u00f3n del contrato del empleado. <\/p><p>Si bien tomamos todas las precauciones razonables para garantizar que los datos del usuario est\u00e9n seguros y que los usuarios est\u00e9n protegidos, siempre existe el riesgo de da\u00f1o. Internet en su conjunto puede ser inseguro a veces y, por lo tanto, no podemos garantizar la seguridad de los datos del usuario m\u00e1s all\u00e1 de lo que sea razonablemente pr\u00e1ctico. <\/p><p><strong>Datos personales de ni\u00f1os:<\/strong> Growing Contigo no recopila ni utiliza a sabiendas datos personales de ni\u00f1os menores de 16 a\u00f1os. Si nos enteramos de que hemos recopilado datos personales de un ni\u00f1o menor de 16 a\u00f1os, los datos personales se eliminar\u00e1n lo antes posible. Si un ni\u00f1o menor de 16 a\u00f1os quiere interactuar con nuestro sitio web, deber\u00e1 tener a su padre, madre o tutor presente en todo momento.  <\/p><p><strong>Derechos del usuario:<\/strong> En virtud de esta Pol\u00edtica de privacidad, tienes los siguientes derechos:<\/p><ol><li>Derecho a ser informado;<\/li><li>Derecho de acceso;<\/li><li>Derecho de rectificaci\u00f3n;<\/li><li>Derecho de supresi\u00f3n;<\/li><li>Derecho a restringir el tratamiento;<\/li><li>Derecho a la portabilidad de los datos; y<\/li><li>Derecho de oposici\u00f3n.<\/li><\/ol><p><strong>Acceder, modificar, eliminar o impugnar los datos recopilados:<\/strong> Si deseas saber si hemos recopilado tus datos personales, c\u00f3mo hemos utilizado tus datos personales, si hemos divulgado tus datos personales y a qui\u00e9n hemos divulgado tus datos personales, si deseas que tus datos se eliminen o modifiquen de alguna manera, o si deseas ejercer cualquiera de tus otros derechos en virtud del RGPD, ponte en contacto con nosotros en <a href=\"mailto:connect@growingcontigo.com\">connect@growingcontigo.com<\/a>.<\/p><p><strong>Modificaciones:<\/strong> Esta Pol\u00edtica de privacidad puede ser modificada de vez en cuando con el fin de mantener el cumplimiento de la ley y para reflejar cualquier cambio en nuestro proceso de recopilaci\u00f3n de datos. Cuando modifiquemos esta Pol\u00edtica de privacidad, actualizaremos la \u00abFecha de entrada en vigor\u00bb en la parte superior de esta Pol\u00edtica de privacidad. Recomendamos que nuestros usuarios revisen peri\u00f3dicamente nuestra Pol\u00edtica de privacidad para asegurarse de que est\u00e1n notificados de cualquier actualizaci\u00f3n. Si es necesario, podemos notificar a los usuarios por correo electr\u00f3nico los cambios en esta Pol\u00edtica de privacidad.   <\/p><p><strong>Cont\u00e1ctanos:<\/strong> Esta Pol\u00edtica de privacidad se aplica solo a nuestras pr\u00e1cticas en l\u00ednea y no abarca otras \u00e1reas de la empresa. Al acceder o utilizar nuestro sitio web, aceptas estar sujeto a todos los t\u00e9rminos y condiciones de la Pol\u00edtica de privacidad de Growing Contigo tal como se publica en el momento de tu acceso o uso. Si tienes preguntas sobre nuestras pol\u00edticas o cumplimiento, puedes ponerte en contacto con nosotros a trav\u00e9s de los m\u00e9todos de contacto que se enumeran en la secci\u00f3n de Informaci\u00f3n de contacto de nuestro sitio web para que podamos, en la medida de lo posible, resolver el problema.  <\/p><p>Gracias por elegir Growing Contigo, LLC.<\/p>\t\t\t\t\t\t\t\t<\/div>\n\t\t\t\t<\/div>\n\t\t\t\t\t<\/div>\n\t\t\t\t<\/div>\n\t\t\t\t<\/div>\n\t\t","protected":false},"excerpt":{"rendered":"<p>Pol\u00edtica de privacidad Fecha de entrada en vigor: 1 de enero de 2024 Growing Contigo, LLC se compromete a respetar la privacidad de los usuarios, el tipo de informaci\u00f3n de [&hellip;]<\/p>\n","protected":false},"author":2,"featured_media":0,"parent":0,"menu_order":0,"comment_status":"closed","ping_status":"closed","template":"","meta":{"_monsterinsights_skip_tracking":false,"_monsterinsights_sitenote_active":false,"_monsterinsights_sitenote_note":"","_monsterinsights_sitenote_category":0,"site-sidebar-layout":"no-sidebar","site-content-layout":"","ast-site-content-layout":"full-width-container","site-content-style":"default","site-sidebar-style":"default","ast-global-header-display":"","ast-banner-title-visibility":"","ast-main-header-display":"","ast-hfb-above-header-display":"","ast-hfb-below-header-display":"","ast-hfb-mobile-header-display":"","site-post-title":"disabled","ast-breadcrumbs-content":"","ast-featured-img":"disabled","footer-sml-layout":"","ast-disable-related-posts":"","theme-transparent-header-meta":"","adv-header-id-meta":"","stick-header-meta":"","header-above-stick-meta":"","header-main-stick-meta":"","header-below-stick-meta":"","astra-migrate-meta-layouts":"default","ast-page-background-enabled":"default","ast-page-background-meta":{"desktop":{"background-color":"var(--ast-global-color-4)","background-image":"","background-repeat":"repeat","background-position":"center center","background-size":"auto","background-attachment":"scroll","background-type":"","background-media":"","overlay-type":"","overlay-color":"","overlay-opacity":"","overlay-gradient":""},"tablet":{"background-color":"","background-image":"","background-repeat":"repeat","background-position":"center center","background-size":"auto","background-attachment":"scroll","background-type":"","background-media":"","overlay-type":"","overlay-color":"","overlay-opacity":"","overlay-gradient":""},"mobile":{"background-color":"","background-image":"","background-repeat":"repeat","background-position":"center center","background-size":"auto","background-attachment":"scroll","background-type":"","background-media":"","overlay-type":"","overlay-color":"","overlay-opacity":"","overlay-gradient":""}},"ast-content-background-meta":{"desktop":{"background-color":"var(--ast-global-color-5)","background-image":"","background-repeat":"repeat","background-position":"center center","background-size":"auto","background-attachment":"scroll","background-type":"","background-media":"","overlay-type":"","overlay-color":"","overlay-opacity":"","overlay-gradient":""},"tablet":{"background-color":"var(--ast-global-color-5)","background-image":"","background-repeat":"repeat","background-position":"center center","background-size":"auto","background-attachment":"scroll","background-type":"","background-media":"","overlay-type":"","overlay-color":"","overlay-opacity":"","overlay-gradient":""},"mobile":{"background-color":"var(--ast-global-color-5)","background-image":"","background-repeat":"repeat","background-position":"center center","background-size":"auto","background-attachment":"scroll","background-type":"","background-media":"","overlay-type":"","overlay-color":"","overlay-opacity":"","overlay-gradient":""}},"footnotes":"","_links_to":"","_links_to_target":""},"class_list":["post-3861","page","type-page","status-publish","hentry"],"yoast_head":"<!-- This site is optimized with the Yoast SEO plugin v27.4 - https:\/\/yoast.com\/product\/yoast-seo-wordpress\/ -->\n<title>Pol\u00edtica de privacidad - Growing Contigo, LLC<\/title>\n<meta name=\"robots\" content=\"index, follow, max-snippet:-1, max-image-preview:large, max-video-preview:-1\" \/>\n<link rel=\"canonical\" href=\"https:\/\/www.growingcontigo.com\/es\/politica-de-privacidad\/\" \/>\n<meta property=\"og:locale\" content=\"es_ES\" \/>\n<meta property=\"og:type\" content=\"article\" \/>\n<meta property=\"og:title\" content=\"Pol\u00edtica de privacidad - Growing Contigo, LLC\" \/>\n<meta property=\"og:description\" content=\"Pol\u00edtica de privacidad Fecha de entrada en vigor: 1 de enero de 2024 Growing Contigo, LLC se compromete a respetar la privacidad de los usuarios, el tipo de informaci\u00f3n de [&hellip;]\" \/>\n<meta property=\"og:url\" content=\"https:\/\/www.growingcontigo.com\/es\/politica-de-privacidad\/\" \/>\n<meta property=\"og:site_name\" content=\"Growing Contigo, LLC\" \/>\n<meta property=\"article:publisher\" content=\"https:\/\/www.facebook.com\/growingcontigo\" \/>\n<meta property=\"article:modified_time\" content=\"2026-01-31T02:08:24+00:00\" \/>\n<meta property=\"og:image\" content=\"https:\/\/www.growingcontigo.com\/wp-content\/uploads\/2023\/08\/growing-contigo-300-?-90-px-2500-?-900-px.png\" \/>\n\t<meta property=\"og:image:width\" content=\"1\" \/>\n\t<meta property=\"og:image:height\" content=\"1\" \/>\n\t<meta property=\"og:image:type\" content=\"image\/png\" \/>\n<meta name=\"twitter:card\" content=\"summary_large_image\" \/>\n<meta name=\"twitter:site\" content=\"@GrowingContigo\" \/>\n<meta name=\"twitter:label1\" content=\"Tiempo de lectura\" \/>\n\t<meta name=\"twitter:data1\" content=\"9 minutos\" \/>\n<script type=\"application\/ld+json\" class=\"yoast-schema-graph\">{\"@context\":\"https:\\\/\\\/schema.org\",\"@graph\":[{\"@type\":\"WebPage\",\"@id\":\"https:\\\/\\\/www.growingcontigo.com\\\/es\\\/politica-de-privacidad\\\/\",\"url\":\"https:\\\/\\\/www.growingcontigo.com\\\/es\\\/politica-de-privacidad\\\/\",\"name\":\"Pol\u00edtica de privacidad - Growing Contigo, LLC\",\"isPartOf\":{\"@id\":\"https:\\\/\\\/www.growingcontigo.com\\\/es\\\/#website\"},\"datePublished\":\"2024-02-03T04:43:12+00:00\",\"dateModified\":\"2026-01-31T02:08:24+00:00\",\"breadcrumb\":{\"@id\":\"https:\\\/\\\/www.growingcontigo.com\\\/es\\\/politica-de-privacidad\\\/#breadcrumb\"},\"inLanguage\":\"es\",\"potentialAction\":[{\"@type\":\"ReadAction\",\"target\":[\"https:\\\/\\\/www.growingcontigo.com\\\/es\\\/politica-de-privacidad\\\/\"]}]},{\"@type\":\"BreadcrumbList\",\"@id\":\"https:\\\/\\\/www.growingcontigo.com\\\/es\\\/politica-de-privacidad\\\/#breadcrumb\",\"itemListElement\":[{\"@type\":\"ListItem\",\"position\":1,\"name\":\"Home\",\"item\":\"https:\\\/\\\/www.growingcontigo.com\\\/es\\\/inicio\\\/\"},{\"@type\":\"ListItem\",\"position\":2,\"name\":\"Pol\u00edtica de privacidad\"}]},{\"@type\":\"WebSite\",\"@id\":\"https:\\\/\\\/www.growingcontigo.com\\\/es\\\/#website\",\"url\":\"https:\\\/\\\/www.growingcontigo.com\\\/es\\\/\",\"name\":\"Growing Contigo, LLC\",\"description\":\"Building stronger communities through economic empowerment.\",\"publisher\":{\"@id\":\"https:\\\/\\\/www.growingcontigo.com\\\/es\\\/#organization\"},\"potentialAction\":[{\"@type\":\"SearchAction\",\"target\":{\"@type\":\"EntryPoint\",\"urlTemplate\":\"https:\\\/\\\/www.growingcontigo.com\\\/es\\\/?s={search_term_string}\"},\"query-input\":{\"@type\":\"PropertyValueSpecification\",\"valueRequired\":true,\"valueName\":\"search_term_string\"}}],\"inLanguage\":\"es\"},{\"@type\":\"Organization\",\"@id\":\"https:\\\/\\\/www.growingcontigo.com\\\/es\\\/#organization\",\"name\":\"Growing Contigo, LLC\",\"url\":\"https:\\\/\\\/www.growingcontigo.com\\\/es\\\/\",\"logo\":{\"@type\":\"ImageObject\",\"inLanguage\":\"es\",\"@id\":\"https:\\\/\\\/www.growingcontigo.com\\\/es\\\/#\\\/schema\\\/logo\\\/image\\\/\",\"url\":\"https:\\\/\\\/www.growingcontigo.com\\\/wp-content\\\/uploads\\\/2023\\\/08\\\/growing-contigo-300-\u00d7-90-px-2500-\u00d7-900-px-300x108-1.png\",\"contentUrl\":\"https:\\\/\\\/www.growingcontigo.com\\\/wp-content\\\/uploads\\\/2023\\\/08\\\/growing-contigo-300-\u00d7-90-px-2500-\u00d7-900-px-300x108-1.png\",\"caption\":\"Growing Contigo, LLC\"},\"image\":{\"@id\":\"https:\\\/\\\/www.growingcontigo.com\\\/es\\\/#\\\/schema\\\/logo\\\/image\\\/\"},\"sameAs\":[\"https:\\\/\\\/www.facebook.com\\\/growingcontigo\",\"https:\\\/\\\/x.com\\\/GrowingContigo\",\"https:\\\/\\\/www.linkedin.com\\\/company\\\/growing-contigo\",\"https:\\\/\\\/www.instagram.com\\\/growingcontigo\\\/\"]}]}<\/script>\n<!-- \/ Yoast SEO plugin. -->","yoast_head_json":{"title":"Pol\u00edtica de privacidad - Growing Contigo, LLC","robots":{"index":"index","follow":"follow","max-snippet":"max-snippet:-1","max-image-preview":"max-image-preview:large","max-video-preview":"max-video-preview:-1"},"canonical":"https:\/\/www.growingcontigo.com\/es\/politica-de-privacidad\/","og_locale":"es_ES","og_type":"article","og_title":"Pol\u00edtica de privacidad - Growing Contigo, LLC","og_description":"Pol\u00edtica de privacidad Fecha de entrada en vigor: 1 de enero de 2024 Growing Contigo, LLC se compromete a respetar la privacidad de los usuarios, el tipo de informaci\u00f3n de [&hellip;]","og_url":"https:\/\/www.growingcontigo.com\/es\/politica-de-privacidad\/","og_site_name":"Growing Contigo, LLC","article_publisher":"https:\/\/www.facebook.com\/growingcontigo","article_modified_time":"2026-01-31T02:08:24+00:00","og_image":[{"url":"https:\/\/www.growingcontigo.com\/wp-content\/uploads\/2023\/08\/growing-contigo-300-?-90-px-2500-?-900-px.png","width":1,"height":1,"type":"image\/png"}],"twitter_card":"summary_large_image","twitter_site":"@GrowingContigo","twitter_misc":{"Tiempo de lectura":"9 minutos"},"schema":{"@context":"https:\/\/schema.org","@graph":[{"@type":"WebPage","@id":"https:\/\/www.growingcontigo.com\/es\/politica-de-privacidad\/","url":"https:\/\/www.growingcontigo.com\/es\/politica-de-privacidad\/","name":"Pol\u00edtica de privacidad - Growing Contigo, LLC","isPartOf":{"@id":"https:\/\/www.growingcontigo.com\/es\/#website"},"datePublished":"2024-02-03T04:43:12+00:00","dateModified":"2026-01-31T02:08:24+00:00","breadcrumb":{"@id":"https:\/\/www.growingcontigo.com\/es\/politica-de-privacidad\/#breadcrumb"},"inLanguage":"es","potentialAction":[{"@type":"ReadAction","target":["https:\/\/www.growingcontigo.com\/es\/politica-de-privacidad\/"]}]},{"@type":"BreadcrumbList","@id":"https:\/\/www.growingcontigo.com\/es\/politica-de-privacidad\/#breadcrumb","itemListElement":[{"@type":"ListItem","position":1,"name":"Home","item":"https:\/\/www.growingcontigo.com\/es\/inicio\/"},{"@type":"ListItem","position":2,"name":"Pol\u00edtica de privacidad"}]},{"@type":"WebSite","@id":"https:\/\/www.growingcontigo.com\/es\/#website","url":"https:\/\/www.growingcontigo.com\/es\/","name":"Growing Contigo, LLC","description":"Building stronger communities through economic empowerment.","publisher":{"@id":"https:\/\/www.growingcontigo.com\/es\/#organization"},"potentialAction":[{"@type":"SearchAction","target":{"@type":"EntryPoint","urlTemplate":"https:\/\/www.growingcontigo.com\/es\/?s={search_term_string}"},"query-input":{"@type":"PropertyValueSpecification","valueRequired":true,"valueName":"search_term_string"}}],"inLanguage":"es"},{"@type":"Organization","@id":"https:\/\/www.growingcontigo.com\/es\/#organization","name":"Growing Contigo, LLC","url":"https:\/\/www.growingcontigo.com\/es\/","logo":{"@type":"ImageObject","inLanguage":"es","@id":"https:\/\/www.growingcontigo.com\/es\/#\/schema\/logo\/image\/","url":"https:\/\/www.growingcontigo.com\/wp-content\/uploads\/2023\/08\/growing-contigo-300-\u00d7-90-px-2500-\u00d7-900-px-300x108-1.png","contentUrl":"https:\/\/www.growingcontigo.com\/wp-content\/uploads\/2023\/08\/growing-contigo-300-\u00d7-90-px-2500-\u00d7-900-px-300x108-1.png","caption":"Growing Contigo, LLC"},"image":{"@id":"https:\/\/www.growingcontigo.com\/es\/#\/schema\/logo\/image\/"},"sameAs":["https:\/\/www.facebook.com\/growingcontigo","https:\/\/x.com\/GrowingContigo","https:\/\/www.linkedin.com\/company\/growing-contigo","https:\/\/www.instagram.com\/growingcontigo\/"]}]}},"_links":{"self":[{"href":"https:\/\/www.growingcontigo.com\/es\/wp-json\/wp\/v2\/pages\/3861","targetHints":{"allow":["GET"]}}],"collection":[{"href":"https:\/\/www.growingcontigo.com\/es\/wp-json\/wp\/v2\/pages"}],"about":[{"href":"https:\/\/www.growingcontigo.com\/es\/wp-json\/wp\/v2\/types\/page"}],"author":[{"embeddable":true,"href":"https:\/\/www.growingcontigo.com\/es\/wp-json\/wp\/v2\/users\/2"}],"replies":[{"embeddable":true,"href":"https:\/\/www.growingcontigo.com\/es\/wp-json\/wp\/v2\/comments?post=3861"}],"version-history":[{"count":1,"href":"https:\/\/www.growingcontigo.com\/es\/wp-json\/wp\/v2\/pages\/3861\/revisions"}],"predecessor-version":[{"id":3862,"href":"https:\/\/www.growingcontigo.com\/es\/wp-json\/wp\/v2\/pages\/3861\/revisions\/3862"}],"wp:attachment":[{"href":"https:\/\/www.growingcontigo.com\/es\/wp-json\/wp\/v2\/media?parent=3861"}],"curies":[{"name":"wp","href":"https:\/\/api.w.org\/{rel}","templated":true}]}}