{"id":3854,"date":"2025-01-27T19:09:50","date_gmt":"2025-01-28T03:09:50","guid":{"rendered":"https:\/\/www.growingcontigo.com\/programa-sbcap-de-seatac\/"},"modified":"2026-01-30T18:08:20","modified_gmt":"2026-01-31T02:08:20","slug":"programa-sbcap-de-seatac","status":"publish","type":"page","link":"https:\/\/www.growingcontigo.com\/es\/programa-sbcap-de-seatac\/","title":{"rendered":"Programa SBCAP de SeaTac"},"content":{"rendered":"\t\t<div data-elementor-type=\"wp-page\" data-elementor-id=\"3854\" class=\"elementor elementor-3854 elementor-2426\" data-elementor-post-type=\"page\">\n\t\t\t\t<div class=\"elementor-element elementor-element-7144d8c e-flex e-con-boxed e-con e-parent\" data-id=\"7144d8c\" data-element_type=\"container\" data-e-type=\"container\">\n\t\t\t\t\t<div class=\"e-con-inner\">\n\t\t\t\t<div class=\"elementor-element elementor-element-de063fb elementor-widget elementor-widget-heading\" data-id=\"de063fb\" data-element_type=\"widget\" data-e-type=\"widget\" data-widget_type=\"heading.default\">\n\t\t\t\t<div class=\"elementor-widget-container\">\n\t\t\t\t\t<h2 class=\"elementor-heading-title elementor-size-default\">Programa SBCAP<\/h2>\t\t\t\t<\/div>\n\t\t\t\t<\/div>\n\t\t\t\t<div class=\"elementor-element elementor-element-b403029 elementor-widget elementor-widget-text-editor\" data-id=\"b403029\" data-element_type=\"widget\" data-e-type=\"widget\" data-widget_type=\"text-editor.default\">\n\t\t\t\t<div class=\"elementor-widget-container\">\n\t\t\t\t\t\t\t\t\t<p>El Programa de Acceso a Capital para Peque\u00f1as Empresas de SeaTac (SBCAP) tiene como objetivo aumentar el conocimiento y ampliar el acceso al capital empresarial, garantizando que todas las peque\u00f1as empresas de la comunidad de SeaTac est\u00e9n informadas y puedan acceder a los recursos necesarios para tener \u00e9xito. Antes de remitirle al programa de preparaci\u00f3n para pr\u00e9stamos con Business Impact NW, necesitamos recopilar informaci\u00f3n para comprender mejor su negocio y c\u00f3mo podemos apoyar mejor sus objetivos empresariales. <\/p>\t\t\t\t\t\t\t\t<\/div>\n\t\t\t\t<\/div>\n\t\t\t\t\t<\/div>\n\t\t\t\t<\/div>\n\t\t<div class=\"elementor-element elementor-element-717b4cc e-flex e-con-boxed e-con e-parent\" data-id=\"717b4cc\" data-element_type=\"container\" data-e-type=\"container\">\n\t\t\t\t\t<div class=\"e-con-inner\">\n\t\t\t\t<div class=\"elementor-element elementor-element-83b9622 elementor-widget__width-inherit elementor-widget elementor-widget-html\" data-id=\"83b9622\" data-element_type=\"widget\" data-e-type=\"widget\" data-widget_type=\"html.default\">\n\t\t\t\t<div class=\"elementor-widget-container\">\n\t\t\t\t\t<iframe aria-label=\"Growing Contigo - Seatac Small Business Capital Access Program Screening\" frameborder=\"0\" style=\"height:600px;width:99%;border:none;\" src=\"https:\/\/forms.zohopublic.com\/growingcontigollc\/form\/GrowingContigoSBCAP\/formperma\/CXWWq7wRYsf_4J3tWvyerrb-FPFCnmkyAdSEJkbifMM\"><\/iframe>\t\t\t\t<\/div>\n\t\t\t\t<\/div>\n\t\t\t\t<div class=\"elementor-element elementor-element-455f767 elementor-widget elementor-widget-image\" data-id=\"455f767\" data-element_type=\"widget\" data-e-type=\"widget\" data-widget_type=\"image.default\">\n\t\t\t\t<div class=\"elementor-widget-container\">\n\t\t\t\t\t\t\t\t\t\t\t\t\t\t\t<img fetchpriority=\"high\" decoding=\"async\" width=\"791\" height=\"1024\" src=\"https:\/\/www.growingcontigo.com\/wp-content\/uploads\/2025\/02\/ENG-791x1024.png\" class=\"attachment-large size-large wp-image-3855\" alt=\"\" srcset=\"https:\/\/www.growingcontigo.com\/wp-content\/uploads\/2025\/02\/ENG-791x1024.png 791w, https:\/\/www.growingcontigo.com\/wp-content\/uploads\/2025\/02\/ENG-232x300.png 232w, https:\/\/www.growingcontigo.com\/wp-content\/uploads\/2025\/02\/ENG-768x994.png 768w, https:\/\/www.growingcontigo.com\/wp-content\/uploads\/2025\/02\/ENG-1187x1536.png 1187w, https:\/\/www.growingcontigo.com\/wp-content\/uploads\/2025\/02\/ENG-1583x2048.png 1583w, https:\/\/www.growingcontigo.com\/wp-content\/uploads\/2025\/02\/ENG-9x12.png 9w\" sizes=\"(max-width: 791px) 100vw, 791px\" \/>\t\t\t\t\t\t\t\t\t\t\t\t\t\t\t<\/div>\n\t\t\t\t<\/div>\n\t\t\t\t\t<\/div>\n\t\t\t\t<\/div>\n\t\t<div class=\"elementor-element elementor-element-5d7f1db e-flex e-con-boxed e-con e-parent\" data-id=\"5d7f1db\" data-element_type=\"container\" data-e-type=\"container\">\n\t\t\t\t\t<div class=\"e-con-inner\">\n\t\t\t\t<div class=\"elementor-element elementor-element-df85966 elementor-widget elementor-widget-text-editor\" data-id=\"df85966\" data-element_type=\"widget\" data-e-type=\"widget\" data-widget_type=\"text-editor.default\">\n\t\t\t\t<div class=\"elementor-widget-container\">\n\t\t\t\t\t\t\t\t\t<h2 style=\"text-align: center;\">Proceso de solicitud<\/h2><ul><li>Env\u00edo del formulario de admisi\u00f3n: Complete y env\u00ede el formulario de solicitud de admisi\u00f3n disponible en nuestro sitio web.<\/li><li>Revisi\u00f3n inicial: Nuestro equipo revisar\u00e1 su solicitud para asegurarse de que se proporciona toda la informaci\u00f3n necesaria y de que cumple los criterios de elegibilidad.<\/li><li>Seguimiento: Si se necesita informaci\u00f3n adicional, un miembro de nuestro equipo se pondr\u00e1 en contacto con usted.<\/li><li>Remisi\u00f3n a la formaci\u00f3n: Los solicitantes elegibles ser\u00e1n remitidos a las formaciones de preparaci\u00f3n para pr\u00e9stamos empresariales o conectados a un asesor empresarial para ofrecerle orientaci\u00f3n personalizada y apoyo t\u00e9cnico para prepararle a participar en las formaciones de preparaci\u00f3n para pr\u00e9stamos empresariales.<\/li><\/ul>\t\t\t\t\t\t\t\t<\/div>\n\t\t\t\t<\/div>\n\t\t\t\t\t<\/div>\n\t\t\t\t<\/div>\n\t\t\t\t<\/div>\n\t\t","protected":false},"excerpt":{"rendered":"<p>Programa SBCAP El Programa de Acceso a Capital para Peque\u00f1as Empresas de SeaTac (SBCAP) tiene como objetivo aumentar el conocimiento y ampliar el acceso al capital empresarial, garantizando que todas [&hellip;]<\/p>\n","protected":false},"author":2,"featured_media":0,"parent":0,"menu_order":0,"comment_status":"closed","ping_status":"closed","template":"","meta":{"_monsterinsights_skip_tracking":false,"_monsterinsights_sitenote_active":false,"_monsterinsights_sitenote_note":"","_monsterinsights_sitenote_category":0,"site-sidebar-layout":"no-sidebar","site-content-layout":"","ast-site-content-layout":"full-width-container","site-content-style":"default","site-sidebar-style":"default","ast-global-header-display":"","ast-banner-title-visibility":"","ast-main-header-display":"","ast-hfb-above-header-display":"","ast-hfb-below-header-display":"","ast-hfb-mobile-header-display":"","site-post-title":"disabled","ast-breadcrumbs-content":"","ast-featured-img":"disabled","footer-sml-layout":"","ast-disable-related-posts":"","theme-transparent-header-meta":"","adv-header-id-meta":"","stick-header-meta":"","header-above-stick-meta":"","header-main-stick-meta":"","header-below-stick-meta":"","astra-migrate-meta-layouts":"default","ast-page-background-enabled":"default","ast-page-background-meta":{"desktop":{"background-color":"var(--ast-global-color-4)","background-image":"","background-repeat":"repeat","background-position":"center center","background-size":"auto","background-attachment":"scroll","background-type":"","background-media":"","overlay-type":"","overlay-color":"","overlay-opacity":"","overlay-gradient":""},"tablet":{"background-color":"","background-image":"","background-repeat":"repeat","background-position":"center center","background-size":"auto","background-attachment":"scroll","background-type":"","background-media":"","overlay-type":"","overlay-color":"","overlay-opacity":"","overlay-gradient":""},"mobile":{"background-color":"","background-image":"","background-repeat":"repeat","background-position":"center center","background-size":"auto","background-attachment":"scroll","background-type":"","background-media":"","overlay-type":"","overlay-color":"","overlay-opacity":"","overlay-gradient":""}},"ast-content-background-meta":{"desktop":{"background-color":"var(--ast-global-color-5)","background-image":"","background-repeat":"repeat","background-position":"center center","background-size":"auto","background-attachment":"scroll","background-type":"","background-media":"","overlay-type":"","overlay-color":"","overlay-opacity":"","overlay-gradient":""},"tablet":{"background-color":"var(--ast-global-color-5)","background-image":"","background-repeat":"repeat","background-position":"center center","background-size":"auto","background-attachment":"scroll","background-type":"","background-media":"","overlay-type":"","overlay-color":"","overlay-opacity":"","overlay-gradient":""},"mobile":{"background-color":"var(--ast-global-color-5)","background-image":"","background-repeat":"repeat","background-position":"center center","background-size":"auto","background-attachment":"scroll","background-type":"","background-media":"","overlay-type":"","overlay-color":"","overlay-opacity":"","overlay-gradient":""}},"footnotes":"","_links_to":"","_links_to_target":""},"class_list":["post-3854","page","type-page","status-publish","hentry"],"yoast_head":"<!-- This site is optimized with the Yoast SEO plugin v27.4 - https:\/\/yoast.com\/product\/yoast-seo-wordpress\/ -->\n<title>Programa SBCAP de SeaTac - Growing Contigo, LLC<\/title>\n<meta name=\"robots\" content=\"index, follow, max-snippet:-1, max-image-preview:large, max-video-preview:-1\" \/>\n<link rel=\"canonical\" href=\"https:\/\/www.growingcontigo.com\/es\/programa-sbcap-de-seatac\/\" \/>\n<meta property=\"og:locale\" content=\"es_ES\" \/>\n<meta property=\"og:type\" content=\"article\" \/>\n<meta property=\"og:title\" content=\"Programa SBCAP de SeaTac - Growing Contigo, LLC\" \/>\n<meta property=\"og:description\" content=\"Programa SBCAP El Programa de Acceso a Capital para Peque\u00f1as Empresas de SeaTac (SBCAP) tiene como objetivo aumentar el conocimiento y ampliar el acceso al capital empresarial, garantizando que todas [&hellip;]\" \/>\n<meta property=\"og:url\" content=\"https:\/\/www.growingcontigo.com\/es\/programa-sbcap-de-seatac\/\" \/>\n<meta property=\"og:site_name\" content=\"Growing Contigo, LLC\" \/>\n<meta property=\"article:publisher\" content=\"https:\/\/www.facebook.com\/growingcontigo\" \/>\n<meta property=\"article:modified_time\" content=\"2026-01-31T02:08:20+00:00\" \/>\n<meta property=\"og:image\" content=\"https:\/\/www.growingcontigo.com\/wp-content\/uploads\/2025\/02\/ENG-791x1024.png\" \/>\n\t<meta property=\"og:image:width\" content=\"791\" \/>\n\t<meta property=\"og:image:height\" content=\"1024\" \/>\n\t<meta property=\"og:image:type\" content=\"image\/png\" \/>\n<meta name=\"twitter:card\" content=\"summary_large_image\" \/>\n<meta name=\"twitter:site\" content=\"@GrowingContigo\" \/>\n<meta name=\"twitter:label1\" content=\"Tiempo de lectura\" \/>\n\t<meta name=\"twitter:data1\" content=\"1 minuto\" \/>\n<script type=\"application\/ld+json\" class=\"yoast-schema-graph\">{\"@context\":\"https:\\\/\\\/schema.org\",\"@graph\":[{\"@type\":\"WebPage\",\"@id\":\"https:\\\/\\\/www.growingcontigo.com\\\/es\\\/programa-sbcap-de-seatac\\\/\",\"url\":\"https:\\\/\\\/www.growingcontigo.com\\\/es\\\/programa-sbcap-de-seatac\\\/\",\"name\":\"Programa SBCAP de SeaTac - Growing Contigo, LLC\",\"isPartOf\":{\"@id\":\"https:\\\/\\\/www.growingcontigo.com\\\/es\\\/#website\"},\"primaryImageOfPage\":{\"@id\":\"https:\\\/\\\/www.growingcontigo.com\\\/es\\\/programa-sbcap-de-seatac\\\/#primaryimage\"},\"image\":{\"@id\":\"https:\\\/\\\/www.growingcontigo.com\\\/es\\\/programa-sbcap-de-seatac\\\/#primaryimage\"},\"thumbnailUrl\":\"https:\\\/\\\/www.growingcontigo.com\\\/wp-content\\\/uploads\\\/2025\\\/02\\\/ENG-791x1024.png\",\"datePublished\":\"2025-01-28T03:09:50+00:00\",\"dateModified\":\"2026-01-31T02:08:20+00:00\",\"breadcrumb\":{\"@id\":\"https:\\\/\\\/www.growingcontigo.com\\\/es\\\/programa-sbcap-de-seatac\\\/#breadcrumb\"},\"inLanguage\":\"es\",\"potentialAction\":[{\"@type\":\"ReadAction\",\"target\":[\"https:\\\/\\\/www.growingcontigo.com\\\/es\\\/programa-sbcap-de-seatac\\\/\"]}]},{\"@type\":\"ImageObject\",\"inLanguage\":\"es\",\"@id\":\"https:\\\/\\\/www.growingcontigo.com\\\/es\\\/programa-sbcap-de-seatac\\\/#primaryimage\",\"url\":\"https:\\\/\\\/www.growingcontigo.com\\\/wp-content\\\/uploads\\\/2025\\\/02\\\/ENG-791x1024.png\",\"contentUrl\":\"https:\\\/\\\/www.growingcontigo.com\\\/wp-content\\\/uploads\\\/2025\\\/02\\\/ENG-791x1024.png\"},{\"@type\":\"BreadcrumbList\",\"@id\":\"https:\\\/\\\/www.growingcontigo.com\\\/es\\\/programa-sbcap-de-seatac\\\/#breadcrumb\",\"itemListElement\":[{\"@type\":\"ListItem\",\"position\":1,\"name\":\"Home\",\"item\":\"https:\\\/\\\/www.growingcontigo.com\\\/es\\\/inicio\\\/\"},{\"@type\":\"ListItem\",\"position\":2,\"name\":\"Programa SBCAP de SeaTac\"}]},{\"@type\":\"WebSite\",\"@id\":\"https:\\\/\\\/www.growingcontigo.com\\\/es\\\/#website\",\"url\":\"https:\\\/\\\/www.growingcontigo.com\\\/es\\\/\",\"name\":\"Growing Contigo, LLC\",\"description\":\"Building stronger communities through economic empowerment.\",\"publisher\":{\"@id\":\"https:\\\/\\\/www.growingcontigo.com\\\/es\\\/#organization\"},\"potentialAction\":[{\"@type\":\"SearchAction\",\"target\":{\"@type\":\"EntryPoint\",\"urlTemplate\":\"https:\\\/\\\/www.growingcontigo.com\\\/es\\\/?s={search_term_string}\"},\"query-input\":{\"@type\":\"PropertyValueSpecification\",\"valueRequired\":true,\"valueName\":\"search_term_string\"}}],\"inLanguage\":\"es\"},{\"@type\":\"Organization\",\"@id\":\"https:\\\/\\\/www.growingcontigo.com\\\/es\\\/#organization\",\"name\":\"Growing Contigo, LLC\",\"url\":\"https:\\\/\\\/www.growingcontigo.com\\\/es\\\/\",\"logo\":{\"@type\":\"ImageObject\",\"inLanguage\":\"es\",\"@id\":\"https:\\\/\\\/www.growingcontigo.com\\\/es\\\/#\\\/schema\\\/logo\\\/image\\\/\",\"url\":\"https:\\\/\\\/www.growingcontigo.com\\\/wp-content\\\/uploads\\\/2023\\\/08\\\/growing-contigo-300-\u00d7-90-px-2500-\u00d7-900-px-300x108-1.png\",\"contentUrl\":\"https:\\\/\\\/www.growingcontigo.com\\\/wp-content\\\/uploads\\\/2023\\\/08\\\/growing-contigo-300-\u00d7-90-px-2500-\u00d7-900-px-300x108-1.png\",\"caption\":\"Growing Contigo, LLC\"},\"image\":{\"@id\":\"https:\\\/\\\/www.growingcontigo.com\\\/es\\\/#\\\/schema\\\/logo\\\/image\\\/\"},\"sameAs\":[\"https:\\\/\\\/www.facebook.com\\\/growingcontigo\",\"https:\\\/\\\/x.com\\\/GrowingContigo\",\"https:\\\/\\\/www.linkedin.com\\\/company\\\/growing-contigo\",\"https:\\\/\\\/www.instagram.com\\\/growingcontigo\\\/\"]}]}<\/script>\n<!-- \/ Yoast SEO plugin. -->","yoast_head_json":{"title":"Programa SBCAP de SeaTac - Growing Contigo, LLC","robots":{"index":"index","follow":"follow","max-snippet":"max-snippet:-1","max-image-preview":"max-image-preview:large","max-video-preview":"max-video-preview:-1"},"canonical":"https:\/\/www.growingcontigo.com\/es\/programa-sbcap-de-seatac\/","og_locale":"es_ES","og_type":"article","og_title":"Programa SBCAP de SeaTac - Growing Contigo, LLC","og_description":"Programa SBCAP El Programa de Acceso a Capital para Peque\u00f1as Empresas de SeaTac (SBCAP) tiene como objetivo aumentar el conocimiento y ampliar el acceso al capital empresarial, garantizando que todas [&hellip;]","og_url":"https:\/\/www.growingcontigo.com\/es\/programa-sbcap-de-seatac\/","og_site_name":"Growing Contigo, LLC","article_publisher":"https:\/\/www.facebook.com\/growingcontigo","article_modified_time":"2026-01-31T02:08:20+00:00","og_image":[{"width":791,"height":1024,"url":"https:\/\/www.growingcontigo.com\/wp-content\/uploads\/2025\/02\/ENG-791x1024.png","type":"image\/png"}],"twitter_card":"summary_large_image","twitter_site":"@GrowingContigo","twitter_misc":{"Tiempo de lectura":"1 minuto"},"schema":{"@context":"https:\/\/schema.org","@graph":[{"@type":"WebPage","@id":"https:\/\/www.growingcontigo.com\/es\/programa-sbcap-de-seatac\/","url":"https:\/\/www.growingcontigo.com\/es\/programa-sbcap-de-seatac\/","name":"Programa SBCAP de SeaTac - Growing Contigo, LLC","isPartOf":{"@id":"https:\/\/www.growingcontigo.com\/es\/#website"},"primaryImageOfPage":{"@id":"https:\/\/www.growingcontigo.com\/es\/programa-sbcap-de-seatac\/#primaryimage"},"image":{"@id":"https:\/\/www.growingcontigo.com\/es\/programa-sbcap-de-seatac\/#primaryimage"},"thumbnailUrl":"https:\/\/www.growingcontigo.com\/wp-content\/uploads\/2025\/02\/ENG-791x1024.png","datePublished":"2025-01-28T03:09:50+00:00","dateModified":"2026-01-31T02:08:20+00:00","breadcrumb":{"@id":"https:\/\/www.growingcontigo.com\/es\/programa-sbcap-de-seatac\/#breadcrumb"},"inLanguage":"es","potentialAction":[{"@type":"ReadAction","target":["https:\/\/www.growingcontigo.com\/es\/programa-sbcap-de-seatac\/"]}]},{"@type":"ImageObject","inLanguage":"es","@id":"https:\/\/www.growingcontigo.com\/es\/programa-sbcap-de-seatac\/#primaryimage","url":"https:\/\/www.growingcontigo.com\/wp-content\/uploads\/2025\/02\/ENG-791x1024.png","contentUrl":"https:\/\/www.growingcontigo.com\/wp-content\/uploads\/2025\/02\/ENG-791x1024.png"},{"@type":"BreadcrumbList","@id":"https:\/\/www.growingcontigo.com\/es\/programa-sbcap-de-seatac\/#breadcrumb","itemListElement":[{"@type":"ListItem","position":1,"name":"Home","item":"https:\/\/www.growingcontigo.com\/es\/inicio\/"},{"@type":"ListItem","position":2,"name":"Programa SBCAP de SeaTac"}]},{"@type":"WebSite","@id":"https:\/\/www.growingcontigo.com\/es\/#website","url":"https:\/\/www.growingcontigo.com\/es\/","name":"Growing Contigo, LLC","description":"Building stronger communities through economic empowerment.","publisher":{"@id":"https:\/\/www.growingcontigo.com\/es\/#organization"},"potentialAction":[{"@type":"SearchAction","target":{"@type":"EntryPoint","urlTemplate":"https:\/\/www.growingcontigo.com\/es\/?s={search_term_string}"},"query-input":{"@type":"PropertyValueSpecification","valueRequired":true,"valueName":"search_term_string"}}],"inLanguage":"es"},{"@type":"Organization","@id":"https:\/\/www.growingcontigo.com\/es\/#organization","name":"Growing Contigo, LLC","url":"https:\/\/www.growingcontigo.com\/es\/","logo":{"@type":"ImageObject","inLanguage":"es","@id":"https:\/\/www.growingcontigo.com\/es\/#\/schema\/logo\/image\/","url":"https:\/\/www.growingcontigo.com\/wp-content\/uploads\/2023\/08\/growing-contigo-300-\u00d7-90-px-2500-\u00d7-900-px-300x108-1.png","contentUrl":"https:\/\/www.growingcontigo.com\/wp-content\/uploads\/2023\/08\/growing-contigo-300-\u00d7-90-px-2500-\u00d7-900-px-300x108-1.png","caption":"Growing Contigo, LLC"},"image":{"@id":"https:\/\/www.growingcontigo.com\/es\/#\/schema\/logo\/image\/"},"sameAs":["https:\/\/www.facebook.com\/growingcontigo","https:\/\/x.com\/GrowingContigo","https:\/\/www.linkedin.com\/company\/growing-contigo","https:\/\/www.instagram.com\/growingcontigo\/"]}]}},"_links":{"self":[{"href":"https:\/\/www.growingcontigo.com\/es\/wp-json\/wp\/v2\/pages\/3854","targetHints":{"allow":["GET"]}}],"collection":[{"href":"https:\/\/www.growingcontigo.com\/es\/wp-json\/wp\/v2\/pages"}],"about":[{"href":"https:\/\/www.growingcontigo.com\/es\/wp-json\/wp\/v2\/types\/page"}],"author":[{"embeddable":true,"href":"https:\/\/www.growingcontigo.com\/es\/wp-json\/wp\/v2\/users\/2"}],"replies":[{"embeddable":true,"href":"https:\/\/www.growingcontigo.com\/es\/wp-json\/wp\/v2\/comments?post=3854"}],"version-history":[{"count":1,"href":"https:\/\/www.growingcontigo.com\/es\/wp-json\/wp\/v2\/pages\/3854\/revisions"}],"predecessor-version":[{"id":3856,"href":"https:\/\/www.growingcontigo.com\/es\/wp-json\/wp\/v2\/pages\/3854\/revisions\/3856"}],"wp:attachment":[{"href":"https:\/\/www.growingcontigo.com\/es\/wp-json\/wp\/v2\/media?parent=3854"}],"curies":[{"name":"wp","href":"https:\/\/api.w.org\/{rel}","templated":true}]}}