{"id":3799,"date":"2024-12-04T18:53:57","date_gmt":"2024-12-05T02:53:57","guid":{"rendered":"https:\/\/www.growingcontigo.com\/incubadora-de-emprendedores-2025\/"},"modified":"2026-01-26T10:52:43","modified_gmt":"2026-01-26T18:52:43","slug":"incubadora-de-emprendedores-2025","status":"publish","type":"page","link":"https:\/\/www.growingcontigo.com\/es\/incubadora-de-emprendedores-2025\/","title":{"rendered":"Incubadora de emprendedores 2025"},"content":{"rendered":"\t\t<div data-elementor-type=\"wp-page\" data-elementor-id=\"3799\" class=\"elementor elementor-3799 elementor-2364\" data-elementor-post-type=\"page\">\n\t\t\t\t<div class=\"elementor-element elementor-element-5b969dd e-flex e-con-boxed e-con e-parent\" data-id=\"5b969dd\" data-element_type=\"container\" data-e-type=\"container\">\n\t\t\t\t\t<div class=\"e-con-inner\">\n\t\t\t\t<div class=\"elementor-element elementor-element-62f545a elementor-widget elementor-widget-text-editor\" data-id=\"62f545a\" data-element_type=\"widget\" data-e-type=\"widget\" data-widget_type=\"text-editor.default\">\n\t\t\t\t<div class=\"elementor-widget-container\">\n\t\t\t\t\t\t\t\t\t<p style=\"text-align: center;\"><b>\u00a1Atenci\u00f3n a todos los emprendedores del sur de Seattle y del sur del condado de King!<br><\/b><br>\u00bfTiene una idea de negocio innovadora pero necesita los recursos y el apoyo para hacerla realidad? \u00bfEst\u00e1 preparado para llevar su trayectoria empresarial al siguiente nivel? Si es as\u00ed, \u00a1est\u00e1 de suerte!<\/p><p style=\"text-align: center;\">Growing Contigo LLC se complace en anunciar el lanzamiento de su esperado programa Incubadora de Emprendimiento, dise\u00f1ado para cultivar y empoderar a la pr\u00f3xima generaci\u00f3n de negocios innovadores aqu\u00ed mismo, en South Park.<\/p>\t\t\t\t\t\t\t\t<\/div>\n\t\t\t\t<\/div>\n\t\t\t\t<div class=\"elementor-element elementor-element-1e7c66c elementor-align-center elementor-widget elementor-widget-button\" data-id=\"1e7c66c\" data-element_type=\"widget\" data-e-type=\"widget\" data-widget_type=\"button.default\">\n\t\t\t\t<div class=\"elementor-widget-container\">\n\t\t\t\t\t\t\t\t\t<div class=\"elementor-button-wrapper\">\n\t\t\t\t\t<a class=\"elementor-button elementor-button-link elementor-size-sm\" href=\"https:\/\/forms.growingcontigo.com\/growingcontigollc\/form\/SouthParkEntrepreneurshipIncubator2025\/formperma\/6-OA7L2UD6z2kinkKUXC7EOATtgml_4VL2drXtpPTK0\" target=\"_blank\">\n\t\t\t\t\t\t<span class=\"elementor-button-content-wrapper\">\n\t\t\t\t\t\t\t\t\t<span class=\"elementor-button-text\">Solicitar ahora<\/span>\n\t\t\t\t\t<\/span>\n\t\t\t\t\t<\/a>\n\t\t\t\t<\/div>\n\t\t\t\t\t\t\t\t<\/div>\n\t\t\t\t<\/div>\n\t\t\t\t<div class=\"elementor-element elementor-element-984c022 elementor-widget elementor-widget-image\" data-id=\"984c022\" data-element_type=\"widget\" data-e-type=\"widget\" data-widget_type=\"image.default\">\n\t\t\t\t<div class=\"elementor-widget-container\">\n\t\t\t\t\t\t\t\t\t\t\t\t\t\t\t\t<a href=\"https:\/\/forms.growingcontigo.com\/growingcontigollc\/form\/SouthParkEntrepreneurshipIncubator2025\/formperma\/6-OA7L2UD6z2kinkKUXC7EOATtgml_4VL2drXtpPTK0\" target=\"_blank\">\n\t\t\t\t\t\t\t<img fetchpriority=\"high\" decoding=\"async\" width=\"1080\" height=\"1080\" src=\"https:\/\/www.growingcontigo.com\/wp-content\/uploads\/2024\/12\/468160002_538653532375451_2425343258892639011_n.jpg\" class=\"attachment-full size-full wp-image-3800\" alt=\"\" srcset=\"https:\/\/www.growingcontigo.com\/wp-content\/uploads\/2024\/12\/468160002_538653532375451_2425343258892639011_n.jpg 1080w, https:\/\/www.growingcontigo.com\/wp-content\/uploads\/2024\/12\/468160002_538653532375451_2425343258892639011_n-300x300.jpg 300w, https:\/\/www.growingcontigo.com\/wp-content\/uploads\/2024\/12\/468160002_538653532375451_2425343258892639011_n-1024x1024.jpg 1024w, https:\/\/www.growingcontigo.com\/wp-content\/uploads\/2024\/12\/468160002_538653532375451_2425343258892639011_n-150x150.jpg 150w, https:\/\/www.growingcontigo.com\/wp-content\/uploads\/2024\/12\/468160002_538653532375451_2425343258892639011_n-768x768.jpg 768w, https:\/\/www.growingcontigo.com\/wp-content\/uploads\/2024\/12\/468160002_538653532375451_2425343258892639011_n-12x12.jpg 12w\" sizes=\"(max-width: 1080px) 100vw, 1080px\" \/>\t\t\t\t\t\t\t\t<\/a>\n\t\t\t\t\t\t\t\t\t\t\t\t\t\t\t<\/div>\n\t\t\t\t<\/div>\n\t\t\t\t\t<\/div>\n\t\t\t\t<\/div>\n\t\t\t\t<\/div>\n\t\t","protected":false},"excerpt":{"rendered":"<p>\u00a1Atenci\u00f3n a todos los emprendedores del sur de Seattle y del sur del condado de King!\u00bfTiene una idea de negocio innovadora pero necesita los recursos y el apoyo para hacerla [&hellip;]<\/p>\n","protected":false},"author":2,"featured_media":0,"parent":0,"menu_order":0,"comment_status":"closed","ping_status":"closed","template":"","meta":{"_monsterinsights_skip_tracking":false,"_monsterinsights_sitenote_active":false,"_monsterinsights_sitenote_note":"","_monsterinsights_sitenote_category":0,"site-sidebar-layout":"no-sidebar","site-content-layout":"","ast-site-content-layout":"full-width-container","site-content-style":"default","site-sidebar-style":"default","ast-global-header-display":"","ast-banner-title-visibility":"","ast-main-header-display":"","ast-hfb-above-header-display":"","ast-hfb-below-header-display":"","ast-hfb-mobile-header-display":"","site-post-title":"disabled","ast-breadcrumbs-content":"","ast-featured-img":"disabled","footer-sml-layout":"","ast-disable-related-posts":"","theme-transparent-header-meta":"","adv-header-id-meta":"","stick-header-meta":"","header-above-stick-meta":"","header-main-stick-meta":"","header-below-stick-meta":"","astra-migrate-meta-layouts":"default","ast-page-background-enabled":"default","ast-page-background-meta":{"desktop":{"background-color":"var(--ast-global-color-4)","background-image":"","background-repeat":"repeat","background-position":"center center","background-size":"auto","background-attachment":"scroll","background-type":"","background-media":"","overlay-type":"","overlay-color":"","overlay-opacity":"","overlay-gradient":""},"tablet":{"background-color":"","background-image":"","background-repeat":"repeat","background-position":"center center","background-size":"auto","background-attachment":"scroll","background-type":"","background-media":"","overlay-type":"","overlay-color":"","overlay-opacity":"","overlay-gradient":""},"mobile":{"background-color":"","background-image":"","background-repeat":"repeat","background-position":"center center","background-size":"auto","background-attachment":"scroll","background-type":"","background-media":"","overlay-type":"","overlay-color":"","overlay-opacity":"","overlay-gradient":""}},"ast-content-background-meta":{"desktop":{"background-color":"var(--ast-global-color-5)","background-image":"","background-repeat":"repeat","background-position":"center center","background-size":"auto","background-attachment":"scroll","background-type":"","background-media":"","overlay-type":"","overlay-color":"","overlay-opacity":"","overlay-gradient":""},"tablet":{"background-color":"var(--ast-global-color-5)","background-image":"","background-repeat":"repeat","background-position":"center center","background-size":"auto","background-attachment":"scroll","background-type":"","background-media":"","overlay-type":"","overlay-color":"","overlay-opacity":"","overlay-gradient":""},"mobile":{"background-color":"var(--ast-global-color-5)","background-image":"","background-repeat":"repeat","background-position":"center center","background-size":"auto","background-attachment":"scroll","background-type":"","background-media":"","overlay-type":"","overlay-color":"","overlay-opacity":"","overlay-gradient":""}},"footnotes":"","_links_to":"","_links_to_target":""},"class_list":["post-3799","page","type-page","status-publish","hentry"],"yoast_head":"<!-- This site is optimized with the Yoast SEO plugin v27.5 - https:\/\/yoast.com\/product\/yoast-seo-wordpress\/ -->\n<title>Incubadora de emprendedores 2025 - Growing Contigo, LLC<\/title>\n<meta name=\"robots\" content=\"index, follow, max-snippet:-1, max-image-preview:large, max-video-preview:-1\" \/>\n<link rel=\"canonical\" href=\"https:\/\/www.growingcontigo.com\/es\/incubadora-de-emprendedores-2025\/\" \/>\n<meta property=\"og:locale\" content=\"es_ES\" \/>\n<meta property=\"og:type\" content=\"article\" \/>\n<meta property=\"og:title\" content=\"Incubadora de emprendedores 2025 - Growing Contigo, LLC\" \/>\n<meta property=\"og:description\" content=\"\u00a1Atenci\u00f3n a todos los emprendedores del sur de Seattle y del sur del condado de King!\u00bfTiene una idea de negocio innovadora pero necesita los recursos y el apoyo para hacerla [&hellip;]\" \/>\n<meta property=\"og:url\" content=\"https:\/\/www.growingcontigo.com\/es\/incubadora-de-emprendedores-2025\/\" \/>\n<meta property=\"og:site_name\" content=\"Growing Contigo, LLC\" \/>\n<meta property=\"article:publisher\" content=\"https:\/\/www.facebook.com\/growingcontigo\" \/>\n<meta property=\"article:modified_time\" content=\"2026-01-26T18:52:43+00:00\" \/>\n<meta property=\"og:image\" content=\"https:\/\/www.growingcontigo.com\/wp-content\/uploads\/2024\/12\/468160002_538653532375451_2425343258892639011_n.jpg\" \/>\n\t<meta property=\"og:image:width\" content=\"1080\" \/>\n\t<meta property=\"og:image:height\" content=\"1080\" \/>\n\t<meta property=\"og:image:type\" content=\"image\/jpeg\" \/>\n<meta name=\"twitter:card\" content=\"summary_large_image\" \/>\n<meta name=\"twitter:site\" content=\"@GrowingContigo\" \/>\n<script type=\"application\/ld+json\" class=\"yoast-schema-graph\">{\"@context\":\"https:\\\/\\\/schema.org\",\"@graph\":[{\"@type\":\"WebPage\",\"@id\":\"https:\\\/\\\/www.growingcontigo.com\\\/es\\\/incubadora-de-emprendedores-2025\\\/\",\"url\":\"https:\\\/\\\/www.growingcontigo.com\\\/es\\\/incubadora-de-emprendedores-2025\\\/\",\"name\":\"Incubadora de emprendedores 2025 - Growing Contigo, LLC\",\"isPartOf\":{\"@id\":\"https:\\\/\\\/www.growingcontigo.com\\\/es\\\/#website\"},\"primaryImageOfPage\":{\"@id\":\"https:\\\/\\\/www.growingcontigo.com\\\/es\\\/incubadora-de-emprendedores-2025\\\/#primaryimage\"},\"image\":{\"@id\":\"https:\\\/\\\/www.growingcontigo.com\\\/es\\\/incubadora-de-emprendedores-2025\\\/#primaryimage\"},\"thumbnailUrl\":\"https:\\\/\\\/www.growingcontigo.com\\\/wp-content\\\/uploads\\\/2024\\\/12\\\/468160002_538653532375451_2425343258892639011_n.jpg\",\"datePublished\":\"2024-12-05T02:53:57+00:00\",\"dateModified\":\"2026-01-26T18:52:43+00:00\",\"breadcrumb\":{\"@id\":\"https:\\\/\\\/www.growingcontigo.com\\\/es\\\/incubadora-de-emprendedores-2025\\\/#breadcrumb\"},\"inLanguage\":\"es\",\"potentialAction\":[{\"@type\":\"ReadAction\",\"target\":[\"https:\\\/\\\/www.growingcontigo.com\\\/es\\\/incubadora-de-emprendedores-2025\\\/\"]}]},{\"@type\":\"ImageObject\",\"inLanguage\":\"es\",\"@id\":\"https:\\\/\\\/www.growingcontigo.com\\\/es\\\/incubadora-de-emprendedores-2025\\\/#primaryimage\",\"url\":\"https:\\\/\\\/www.growingcontigo.com\\\/wp-content\\\/uploads\\\/2024\\\/12\\\/468160002_538653532375451_2425343258892639011_n.jpg\",\"contentUrl\":\"https:\\\/\\\/www.growingcontigo.com\\\/wp-content\\\/uploads\\\/2024\\\/12\\\/468160002_538653532375451_2425343258892639011_n.jpg\"},{\"@type\":\"BreadcrumbList\",\"@id\":\"https:\\\/\\\/www.growingcontigo.com\\\/es\\\/incubadora-de-emprendedores-2025\\\/#breadcrumb\",\"itemListElement\":[{\"@type\":\"ListItem\",\"position\":1,\"name\":\"Home\",\"item\":\"https:\\\/\\\/www.growingcontigo.com\\\/es\\\/inicio\\\/\"},{\"@type\":\"ListItem\",\"position\":2,\"name\":\"Incubadora de emprendedores 2025\"}]},{\"@type\":\"WebSite\",\"@id\":\"https:\\\/\\\/www.growingcontigo.com\\\/es\\\/#website\",\"url\":\"https:\\\/\\\/www.growingcontigo.com\\\/es\\\/\",\"name\":\"Growing Contigo, LLC\",\"description\":\"Building stronger communities through economic empowerment.\",\"publisher\":{\"@id\":\"https:\\\/\\\/www.growingcontigo.com\\\/es\\\/#organization\"},\"potentialAction\":[{\"@type\":\"SearchAction\",\"target\":{\"@type\":\"EntryPoint\",\"urlTemplate\":\"https:\\\/\\\/www.growingcontigo.com\\\/es\\\/?s={search_term_string}\"},\"query-input\":{\"@type\":\"PropertyValueSpecification\",\"valueRequired\":true,\"valueName\":\"search_term_string\"}}],\"inLanguage\":\"es\"},{\"@type\":\"Organization\",\"@id\":\"https:\\\/\\\/www.growingcontigo.com\\\/es\\\/#organization\",\"name\":\"Growing Contigo, LLC\",\"url\":\"https:\\\/\\\/www.growingcontigo.com\\\/es\\\/\",\"logo\":{\"@type\":\"ImageObject\",\"inLanguage\":\"es\",\"@id\":\"https:\\\/\\\/www.growingcontigo.com\\\/es\\\/#\\\/schema\\\/logo\\\/image\\\/\",\"url\":\"https:\\\/\\\/www.growingcontigo.com\\\/wp-content\\\/uploads\\\/2023\\\/08\\\/growing-contigo-300-\u00d7-90-px-2500-\u00d7-900-px-300x108-1.png\",\"contentUrl\":\"https:\\\/\\\/www.growingcontigo.com\\\/wp-content\\\/uploads\\\/2023\\\/08\\\/growing-contigo-300-\u00d7-90-px-2500-\u00d7-900-px-300x108-1.png\",\"caption\":\"Growing Contigo, LLC\"},\"image\":{\"@id\":\"https:\\\/\\\/www.growingcontigo.com\\\/es\\\/#\\\/schema\\\/logo\\\/image\\\/\"},\"sameAs\":[\"https:\\\/\\\/www.facebook.com\\\/growingcontigo\",\"https:\\\/\\\/x.com\\\/GrowingContigo\",\"https:\\\/\\\/www.linkedin.com\\\/company\\\/growing-contigo\",\"https:\\\/\\\/www.instagram.com\\\/growingcontigo\\\/\"]}]}<\/script>\n<!-- \/ Yoast SEO plugin. -->","yoast_head_json":{"title":"Incubadora de emprendedores 2025 - Growing Contigo, LLC","robots":{"index":"index","follow":"follow","max-snippet":"max-snippet:-1","max-image-preview":"max-image-preview:large","max-video-preview":"max-video-preview:-1"},"canonical":"https:\/\/www.growingcontigo.com\/es\/incubadora-de-emprendedores-2025\/","og_locale":"es_ES","og_type":"article","og_title":"Incubadora de emprendedores 2025 - Growing Contigo, LLC","og_description":"\u00a1Atenci\u00f3n a todos los emprendedores del sur de Seattle y del sur del condado de King!\u00bfTiene una idea de negocio innovadora pero necesita los recursos y el apoyo para hacerla [&hellip;]","og_url":"https:\/\/www.growingcontigo.com\/es\/incubadora-de-emprendedores-2025\/","og_site_name":"Growing Contigo, LLC","article_publisher":"https:\/\/www.facebook.com\/growingcontigo","article_modified_time":"2026-01-26T18:52:43+00:00","og_image":[{"width":1080,"height":1080,"url":"https:\/\/www.growingcontigo.com\/wp-content\/uploads\/2024\/12\/468160002_538653532375451_2425343258892639011_n.jpg","type":"image\/jpeg"}],"twitter_card":"summary_large_image","twitter_site":"@GrowingContigo","schema":{"@context":"https:\/\/schema.org","@graph":[{"@type":"WebPage","@id":"https:\/\/www.growingcontigo.com\/es\/incubadora-de-emprendedores-2025\/","url":"https:\/\/www.growingcontigo.com\/es\/incubadora-de-emprendedores-2025\/","name":"Incubadora de emprendedores 2025 - Growing Contigo, LLC","isPartOf":{"@id":"https:\/\/www.growingcontigo.com\/es\/#website"},"primaryImageOfPage":{"@id":"https:\/\/www.growingcontigo.com\/es\/incubadora-de-emprendedores-2025\/#primaryimage"},"image":{"@id":"https:\/\/www.growingcontigo.com\/es\/incubadora-de-emprendedores-2025\/#primaryimage"},"thumbnailUrl":"https:\/\/www.growingcontigo.com\/wp-content\/uploads\/2024\/12\/468160002_538653532375451_2425343258892639011_n.jpg","datePublished":"2024-12-05T02:53:57+00:00","dateModified":"2026-01-26T18:52:43+00:00","breadcrumb":{"@id":"https:\/\/www.growingcontigo.com\/es\/incubadora-de-emprendedores-2025\/#breadcrumb"},"inLanguage":"es","potentialAction":[{"@type":"ReadAction","target":["https:\/\/www.growingcontigo.com\/es\/incubadora-de-emprendedores-2025\/"]}]},{"@type":"ImageObject","inLanguage":"es","@id":"https:\/\/www.growingcontigo.com\/es\/incubadora-de-emprendedores-2025\/#primaryimage","url":"https:\/\/www.growingcontigo.com\/wp-content\/uploads\/2024\/12\/468160002_538653532375451_2425343258892639011_n.jpg","contentUrl":"https:\/\/www.growingcontigo.com\/wp-content\/uploads\/2024\/12\/468160002_538653532375451_2425343258892639011_n.jpg"},{"@type":"BreadcrumbList","@id":"https:\/\/www.growingcontigo.com\/es\/incubadora-de-emprendedores-2025\/#breadcrumb","itemListElement":[{"@type":"ListItem","position":1,"name":"Home","item":"https:\/\/www.growingcontigo.com\/es\/inicio\/"},{"@type":"ListItem","position":2,"name":"Incubadora de emprendedores 2025"}]},{"@type":"WebSite","@id":"https:\/\/www.growingcontigo.com\/es\/#website","url":"https:\/\/www.growingcontigo.com\/es\/","name":"Growing Contigo, LLC","description":"Building stronger communities through economic empowerment.","publisher":{"@id":"https:\/\/www.growingcontigo.com\/es\/#organization"},"potentialAction":[{"@type":"SearchAction","target":{"@type":"EntryPoint","urlTemplate":"https:\/\/www.growingcontigo.com\/es\/?s={search_term_string}"},"query-input":{"@type":"PropertyValueSpecification","valueRequired":true,"valueName":"search_term_string"}}],"inLanguage":"es"},{"@type":"Organization","@id":"https:\/\/www.growingcontigo.com\/es\/#organization","name":"Growing Contigo, LLC","url":"https:\/\/www.growingcontigo.com\/es\/","logo":{"@type":"ImageObject","inLanguage":"es","@id":"https:\/\/www.growingcontigo.com\/es\/#\/schema\/logo\/image\/","url":"https:\/\/www.growingcontigo.com\/wp-content\/uploads\/2023\/08\/growing-contigo-300-\u00d7-90-px-2500-\u00d7-900-px-300x108-1.png","contentUrl":"https:\/\/www.growingcontigo.com\/wp-content\/uploads\/2023\/08\/growing-contigo-300-\u00d7-90-px-2500-\u00d7-900-px-300x108-1.png","caption":"Growing Contigo, LLC"},"image":{"@id":"https:\/\/www.growingcontigo.com\/es\/#\/schema\/logo\/image\/"},"sameAs":["https:\/\/www.facebook.com\/growingcontigo","https:\/\/x.com\/GrowingContigo","https:\/\/www.linkedin.com\/company\/growing-contigo","https:\/\/www.instagram.com\/growingcontigo\/"]}]}},"_links":{"self":[{"href":"https:\/\/www.growingcontigo.com\/es\/wp-json\/wp\/v2\/pages\/3799","targetHints":{"allow":["GET"]}}],"collection":[{"href":"https:\/\/www.growingcontigo.com\/es\/wp-json\/wp\/v2\/pages"}],"about":[{"href":"https:\/\/www.growingcontigo.com\/es\/wp-json\/wp\/v2\/types\/page"}],"author":[{"embeddable":true,"href":"https:\/\/www.growingcontigo.com\/es\/wp-json\/wp\/v2\/users\/2"}],"replies":[{"embeddable":true,"href":"https:\/\/www.growingcontigo.com\/es\/wp-json\/wp\/v2\/comments?post=3799"}],"version-history":[{"count":1,"href":"https:\/\/www.growingcontigo.com\/es\/wp-json\/wp\/v2\/pages\/3799\/revisions"}],"predecessor-version":[{"id":3801,"href":"https:\/\/www.growingcontigo.com\/es\/wp-json\/wp\/v2\/pages\/3799\/revisions\/3801"}],"wp:attachment":[{"href":"https:\/\/www.growingcontigo.com\/es\/wp-json\/wp\/v2\/media?parent=3799"}],"curies":[{"name":"wp","href":"https:\/\/api.w.org\/{rel}","templated":true}]}}