{"id":3747,"date":"2024-10-09T23:31:45","date_gmt":"2024-10-10T06:31:45","guid":{"rendered":"https:\/\/www.growingcontigo.com\/talleres\/"},"modified":"2026-01-26T10:51:44","modified_gmt":"2026-01-26T18:51:44","slug":"talleres","status":"publish","type":"page","link":"https:\/\/www.growingcontigo.com\/es\/talleres\/","title":{"rendered":"Talleres"},"content":{"rendered":"\t\t<div data-elementor-type=\"wp-page\" data-elementor-id=\"3747\" class=\"elementor elementor-3747 elementor-2274\" data-elementor-post-type=\"page\">\n\t\t\t\t<div class=\"elementor-element elementor-element-3a99a65 e-flex e-con-boxed e-con e-parent\" data-id=\"3a99a65\" data-element_type=\"container\" data-e-type=\"container\">\n\t\t\t\t\t<div class=\"e-con-inner\">\n\t\t\t\t\t<\/div>\n\t\t\t\t<\/div>\n\t\t<div class=\"elementor-element elementor-element-870006c e-flex e-con-boxed e-con e-parent\" data-id=\"870006c\" data-element_type=\"container\" data-e-type=\"container\">\n\t\t\t\t\t<div class=\"e-con-inner\">\n\t\t\t\t<div class=\"elementor-element elementor-element-e59daef elementor-widget elementor-widget-heading\" data-id=\"e59daef\" data-element_type=\"widget\" data-e-type=\"widget\" data-widget_type=\"heading.default\">\n\t\t\t\t<div class=\"elementor-widget-container\">\n\t\t\t\t\t<h2 class=\"elementor-heading-title elementor-size-default\">24 de julio de 2025<\/h2>\t\t\t\t<\/div>\n\t\t\t\t<\/div>\n\t\t\t\t<div class=\"elementor-element elementor-element-79794c3 elementor-widget elementor-widget-text-editor\" data-id=\"79794c3\" data-element_type=\"widget\" data-e-type=\"widget\" data-widget_type=\"text-editor.default\">\n\t\t\t\t<div class=\"elementor-widget-container\">\n\t\t\t\t\t\t\t\t\t<p>En colaboraci\u00f3n con Vision 7 Advertising, ofrecemos un taller gratuito en espa\u00f1ol sobre marketing en redes sociales para nuestra comunidad de peque\u00f1as empresas.<\/p>\t\t\t\t\t\t\t\t<\/div>\n\t\t\t\t<\/div>\n\t\t\t\t\t<\/div>\n\t\t\t\t<\/div>\n\t\t<div class=\"elementor-element elementor-element-071bb51 e-flex e-con-boxed e-con e-parent\" data-id=\"071bb51\" data-element_type=\"container\" data-e-type=\"container\" data-settings=\"{&quot;background_background&quot;:&quot;classic&quot;}\">\n\t\t\t\t\t<div class=\"e-con-inner\">\n\t\t<div class=\"elementor-element elementor-element-86d9c4a e-con-full e-flex e-con e-child\" data-id=\"86d9c4a\" data-element_type=\"container\" data-e-type=\"container\">\n\t\t\t\t<div class=\"elementor-element elementor-element-8211620 elementor-widget__width-initial elementor-widget elementor-widget-image\" data-id=\"8211620\" data-element_type=\"widget\" data-e-type=\"widget\" data-widget_type=\"image.default\">\n\t\t\t\t<div class=\"elementor-widget-container\">\n\t\t\t\t\t\t\t\t\t\t\t\t\t\t\t<img fetchpriority=\"high\" decoding=\"async\" width=\"790\" height=\"1024\" src=\"https:\/\/www.growingcontigo.com\/wp-content\/uploads\/2025\/06\/1749758251256-9de498c3-0144-4dc5-b143-1b520b81323d_1.jpg\" class=\"attachment-large size-large wp-image-3756\" alt=\"\" srcset=\"https:\/\/www.growingcontigo.com\/wp-content\/uploads\/2025\/06\/1749758251256-9de498c3-0144-4dc5-b143-1b520b81323d_1.jpg 790w, https:\/\/www.growingcontigo.com\/wp-content\/uploads\/2025\/06\/1749758251256-9de498c3-0144-4dc5-b143-1b520b81323d_1-231x300.jpg 231w, https:\/\/www.growingcontigo.com\/wp-content\/uploads\/2025\/06\/1749758251256-9de498c3-0144-4dc5-b143-1b520b81323d_1-768x995.jpg 768w, https:\/\/www.growingcontigo.com\/wp-content\/uploads\/2025\/06\/1749758251256-9de498c3-0144-4dc5-b143-1b520b81323d_1-9x12.jpg 9w\" sizes=\"(max-width: 790px) 100vw, 790px\" \/>\t\t\t\t\t\t\t\t\t\t\t\t\t\t\t<\/div>\n\t\t\t\t<\/div>\n\t\t\t\t<\/div>\n\t\t<div class=\"elementor-element elementor-element-1041a02 e-con-full e-flex e-con e-child\" data-id=\"1041a02\" data-element_type=\"container\" data-e-type=\"container\" data-settings=\"{&quot;background_background&quot;:&quot;classic&quot;}\">\n\t\t\t\t<div class=\"elementor-element elementor-element-9430e80 elementor-widget elementor-widget-html\" data-id=\"9430e80\" data-element_type=\"widget\" data-e-type=\"widget\" data-widget_type=\"html.default\">\n\t\t\t\t<div class=\"elementor-widget-container\">\n\t\t\t\t\t<iframe aria-label=\"Vision 7 Social Media Workshop\" frameborder=\"0\" style=\"height:1000px;width:99%;border:none;\" src=\"https:\/\/forms.zohopublic.com\/growingcontigollc\/form\/Vision7SocialMediaWorkshop\/formperma\/9tJaUyoMlJ0FCF4MlwF8hwn367gwO91zhRSgHLY_6zE\"><\/iframe>\t\t\t\t<\/div>\n\t\t\t\t<\/div>\n\t\t\t\t<\/div>\n\t\t\t\t\t<\/div>\n\t\t\t\t<\/div>\n\t\t<div class=\"elementor-element elementor-element-bb8013b e-flex e-con-boxed e-con e-parent\" data-id=\"bb8013b\" data-element_type=\"container\" data-e-type=\"container\">\n\t\t\t\t\t<div class=\"e-con-inner\">\n\t\t\t\t<div class=\"elementor-element elementor-element-5286673 elementor-widget elementor-widget-heading\" data-id=\"5286673\" data-element_type=\"widget\" data-e-type=\"widget\" data-widget_type=\"heading.default\">\n\t\t\t\t<div class=\"elementor-widget-container\">\n\t\t\t\t\t<h2 class=\"elementor-heading-title elementor-size-default\">Talleres anteriores<\/h2>\t\t\t\t<\/div>\n\t\t\t\t<\/div>\n\t\t\t\t\t<\/div>\n\t\t\t\t<\/div>\n\t\t<div class=\"elementor-element elementor-element-90783e4 e-flex e-con-boxed e-con e-parent\" data-id=\"90783e4\" data-element_type=\"container\" data-e-type=\"container\">\n\t\t\t\t\t<div class=\"e-con-inner\">\n\t\t\t\t<div class=\"elementor-element elementor-element-e01ad92 elementor-arrows-position-inside elementor-pagination-position-outside elementor-widget elementor-widget-image-carousel\" data-id=\"e01ad92\" data-element_type=\"widget\" data-e-type=\"widget\" data-settings=\"{&quot;slides_to_show&quot;:&quot;4&quot;,&quot;slides_to_scroll&quot;:&quot;2&quot;,&quot;autoplay_speed&quot;:6000,&quot;navigation&quot;:&quot;both&quot;,&quot;autoplay&quot;:&quot;yes&quot;,&quot;pause_on_hover&quot;:&quot;yes&quot;,&quot;pause_on_interaction&quot;:&quot;yes&quot;,&quot;infinite&quot;:&quot;yes&quot;,&quot;speed&quot;:500}\" data-widget_type=\"image-carousel.default\">\n\t\t\t\t<div class=\"elementor-widget-container\">\n\t\t\t\t\t\t\t<div class=\"elementor-image-carousel-wrapper swiper\" role=\"region\" aria-roledescription=\"carousel\" aria-label=\"Image Carousel\" dir=\"ltr\">\n\t\t\t<div class=\"elementor-image-carousel swiper-wrapper\" aria-live=\"off\">\n\t\t\t\t\t\t\t\t<div class=\"swiper-slide\" role=\"group\" aria-roledescription=\"slide\" aria-label=\"1 de 7\"><figure class=\"swiper-slide-inner\"><img decoding=\"async\" class=\"swiper-slide-image\" src=\"https:\/\/www.growingcontigo.com\/wp-content\/uploads\/2025\/05\/6_26-Flyer-English-232x300.png\" alt=\"6_26 - Folleto - Ingl\u00e9s\" \/><\/figure><\/div><div class=\"swiper-slide\" role=\"group\" aria-roledescription=\"slide\" aria-label=\"2 de 7\"><figure class=\"swiper-slide-inner\"><img decoding=\"async\" class=\"swiper-slide-image\" src=\"https:\/\/www.growingcontigo.com\/wp-content\/uploads\/2024\/06\/July-20th-3-232x300.png\" alt=\"20 de julio (3)\" \/><\/figure><\/div><div class=\"swiper-slide\" role=\"group\" aria-roledescription=\"slide\" aria-label=\"3 de 7\"><figure class=\"swiper-slide-inner\"><img decoding=\"async\" class=\"swiper-slide-image\" src=\"https:\/\/www.growingcontigo.com\/wp-content\/uploads\/2024\/08\/August-20-New-Flyer-232x300.png\" alt=\"20 de agosto (nuevo folleto)\" \/><\/figure><\/div><div class=\"swiper-slide\" role=\"group\" aria-roledescription=\"slide\" aria-label=\"4 de 7\"><figure class=\"swiper-slide-inner\"><img decoding=\"async\" class=\"swiper-slide-image\" src=\"https:\/\/www.growingcontigo.com\/wp-content\/uploads\/2025\/03\/1-232x300.png\" alt=\"1\" \/><\/figure><\/div><div class=\"swiper-slide\" role=\"group\" aria-roledescription=\"slide\" aria-label=\"5 de 7\"><figure class=\"swiper-slide-inner\"><img decoding=\"async\" class=\"swiper-slide-image\" src=\"https:\/\/www.growingcontigo.com\/wp-content\/uploads\/2024\/06\/August-27-232x300.png\" alt=\"27 de agosto\" \/><\/figure><\/div><div class=\"swiper-slide\" role=\"group\" aria-roledescription=\"slide\" aria-label=\"6 de 7\"><figure class=\"swiper-slide-inner\"><img decoding=\"async\" class=\"swiper-slide-image\" src=\"https:\/\/www.growingcontigo.com\/wp-content\/uploads\/2024\/05\/SPL-Presentations-232x300.jpg\" alt=\"Presentaciones de SPL\" \/><\/figure><\/div><div class=\"swiper-slide\" role=\"group\" aria-roledescription=\"slide\" aria-label=\"7 de 7\"><figure class=\"swiper-slide-inner\"><img decoding=\"async\" class=\"swiper-slide-image\" src=\"https:\/\/www.growingcontigo.com\/wp-content\/uploads\/2024\/05\/SPL-Presentations-2-232x300.png\" alt=\"Presentaciones de SPL (2)\" \/><\/figure><\/div>\t\t\t<\/div>\n\t\t\t\t\t\t\t\t\t\t\t\t<div class=\"elementor-swiper-button elementor-swiper-button-prev\" role=\"button\" tabindex=\"0\">\n\t\t\t\t\t\t<i aria-hidden=\"true\" class=\"eicon-chevron-left\"><\/i>\t\t\t\t\t<\/div>\n\t\t\t\t\t<div class=\"elementor-swiper-button elementor-swiper-button-next\" role=\"button\" tabindex=\"0\">\n\t\t\t\t\t\t<i aria-hidden=\"true\" class=\"eicon-chevron-right\"><\/i>\t\t\t\t\t<\/div>\n\t\t\t\t\n\t\t\t\t\t\t\t\t\t<div class=\"swiper-pagination\"><\/div>\n\t\t\t\t\t\t\t\t\t<\/div>\n\t\t\t\t\t\t<\/div>\n\t\t\t\t<\/div>\n\t\t\t\t\t<\/div>\n\t\t\t\t<\/div>\n\t\t\t\t<\/div>\n\t\t","protected":false},"excerpt":{"rendered":"<p>24 de julio de 2025 En colaboraci\u00f3n con Vision 7 Advertising, ofrecemos un taller gratuito en espa\u00f1ol sobre marketing en redes sociales para nuestra comunidad de peque\u00f1as empresas. Talleres anteriores<\/p>\n","protected":false},"author":2,"featured_media":0,"parent":0,"menu_order":0,"comment_status":"closed","ping_status":"closed","template":"","meta":{"_monsterinsights_skip_tracking":false,"_monsterinsights_sitenote_active":false,"_monsterinsights_sitenote_note":"","_monsterinsights_sitenote_category":0,"site-sidebar-layout":"default","site-content-layout":"","ast-site-content-layout":"default","site-content-style":"default","site-sidebar-style":"default","ast-global-header-display":"","ast-banner-title-visibility":"","ast-main-header-display":"","ast-hfb-above-header-display":"","ast-hfb-below-header-display":"","ast-hfb-mobile-header-display":"","site-post-title":"disabled","ast-breadcrumbs-content":"","ast-featured-img":"","footer-sml-layout":"","ast-disable-related-posts":"","theme-transparent-header-meta":"","adv-header-id-meta":"","stick-header-meta":"","header-above-stick-meta":"","header-main-stick-meta":"","header-below-stick-meta":"","astra-migrate-meta-layouts":"default","ast-page-background-enabled":"default","ast-page-background-meta":{"desktop":{"background-color":"var(--ast-global-color-4)","background-image":"","background-repeat":"repeat","background-position":"center center","background-size":"auto","background-attachment":"scroll","background-type":"","background-media":"","overlay-type":"","overlay-color":"","overlay-opacity":"","overlay-gradient":""},"tablet":{"background-color":"","background-image":"","background-repeat":"repeat","background-position":"center center","background-size":"auto","background-attachment":"scroll","background-type":"","background-media":"","overlay-type":"","overlay-color":"","overlay-opacity":"","overlay-gradient":""},"mobile":{"background-color":"","background-image":"","background-repeat":"repeat","background-position":"center center","background-size":"auto","background-attachment":"scroll","background-type":"","background-media":"","overlay-type":"","overlay-color":"","overlay-opacity":"","overlay-gradient":""}},"ast-content-background-meta":{"desktop":{"background-color":"var(--ast-global-color-5)","background-image":"","background-repeat":"repeat","background-position":"center center","background-size":"auto","background-attachment":"scroll","background-type":"","background-media":"","overlay-type":"","overlay-color":"","overlay-opacity":"","overlay-gradient":""},"tablet":{"background-color":"var(--ast-global-color-5)","background-image":"","background-repeat":"repeat","background-position":"center center","background-size":"auto","background-attachment":"scroll","background-type":"","background-media":"","overlay-type":"","overlay-color":"","overlay-opacity":"","overlay-gradient":""},"mobile":{"background-color":"var(--ast-global-color-5)","background-image":"","background-repeat":"repeat","background-position":"center center","background-size":"auto","background-attachment":"scroll","background-type":"","background-media":"","overlay-type":"","overlay-color":"","overlay-opacity":"","overlay-gradient":""}},"footnotes":"","_links_to":"","_links_to_target":""},"class_list":["post-3747","page","type-page","status-publish","hentry"],"yoast_head":"<!-- This site is optimized with the Yoast SEO plugin v27.3 - https:\/\/yoast.com\/product\/yoast-seo-wordpress\/ -->\n<title>Talleres - Growing Contigo, LLC<\/title>\n<meta name=\"robots\" content=\"index, follow, max-snippet:-1, max-image-preview:large, max-video-preview:-1\" \/>\n<link rel=\"canonical\" href=\"https:\/\/www.growingcontigo.com\/es\/talleres\/\" \/>\n<meta property=\"og:locale\" content=\"es_ES\" \/>\n<meta property=\"og:type\" content=\"article\" \/>\n<meta property=\"og:title\" content=\"Talleres - Growing Contigo, LLC\" \/>\n<meta property=\"og:description\" content=\"24 de julio de 2025 En colaboraci\u00f3n con Vision 7 Advertising, ofrecemos un taller gratuito en espa\u00f1ol sobre marketing en redes sociales para nuestra comunidad de peque\u00f1as empresas. Talleres anteriores\" \/>\n<meta property=\"og:url\" content=\"https:\/\/www.growingcontigo.com\/es\/talleres\/\" \/>\n<meta property=\"og:site_name\" content=\"Growing Contigo, LLC\" \/>\n<meta property=\"article:publisher\" content=\"https:\/\/www.facebook.com\/growingcontigo\" \/>\n<meta property=\"article:modified_time\" content=\"2026-01-26T18:51:44+00:00\" \/>\n<meta property=\"og:image\" content=\"https:\/\/www.growingcontigo.com\/wp-content\/uploads\/2025\/06\/1749758251256-9de498c3-0144-4dc5-b143-1b520b81323d_1.jpg\" \/>\n\t<meta property=\"og:image:width\" content=\"790\" \/>\n\t<meta property=\"og:image:height\" content=\"1024\" \/>\n\t<meta property=\"og:image:type\" content=\"image\/jpeg\" \/>\n<meta name=\"twitter:card\" content=\"summary_large_image\" \/>\n<meta name=\"twitter:site\" content=\"@GrowingContigo\" \/>\n<script type=\"application\/ld+json\" class=\"yoast-schema-graph\">{\"@context\":\"https:\\\/\\\/schema.org\",\"@graph\":[{\"@type\":\"WebPage\",\"@id\":\"https:\\\/\\\/www.growingcontigo.com\\\/es\\\/talleres\\\/\",\"url\":\"https:\\\/\\\/www.growingcontigo.com\\\/es\\\/talleres\\\/\",\"name\":\"Talleres - Growing Contigo, LLC\",\"isPartOf\":{\"@id\":\"https:\\\/\\\/www.growingcontigo.com\\\/es\\\/#website\"},\"primaryImageOfPage\":{\"@id\":\"https:\\\/\\\/www.growingcontigo.com\\\/es\\\/talleres\\\/#primaryimage\"},\"image\":{\"@id\":\"https:\\\/\\\/www.growingcontigo.com\\\/es\\\/talleres\\\/#primaryimage\"},\"thumbnailUrl\":\"https:\\\/\\\/www.growingcontigo.com\\\/wp-content\\\/uploads\\\/2025\\\/06\\\/1749758251256-9de498c3-0144-4dc5-b143-1b520b81323d_1.jpg\",\"datePublished\":\"2024-10-10T06:31:45+00:00\",\"dateModified\":\"2026-01-26T18:51:44+00:00\",\"breadcrumb\":{\"@id\":\"https:\\\/\\\/www.growingcontigo.com\\\/es\\\/talleres\\\/#breadcrumb\"},\"inLanguage\":\"es\",\"potentialAction\":[{\"@type\":\"ReadAction\",\"target\":[\"https:\\\/\\\/www.growingcontigo.com\\\/es\\\/talleres\\\/\"]}]},{\"@type\":\"ImageObject\",\"inLanguage\":\"es\",\"@id\":\"https:\\\/\\\/www.growingcontigo.com\\\/es\\\/talleres\\\/#primaryimage\",\"url\":\"https:\\\/\\\/www.growingcontigo.com\\\/wp-content\\\/uploads\\\/2025\\\/06\\\/1749758251256-9de498c3-0144-4dc5-b143-1b520b81323d_1.jpg\",\"contentUrl\":\"https:\\\/\\\/www.growingcontigo.com\\\/wp-content\\\/uploads\\\/2025\\\/06\\\/1749758251256-9de498c3-0144-4dc5-b143-1b520b81323d_1.jpg\"},{\"@type\":\"BreadcrumbList\",\"@id\":\"https:\\\/\\\/www.growingcontigo.com\\\/es\\\/talleres\\\/#breadcrumb\",\"itemListElement\":[{\"@type\":\"ListItem\",\"position\":1,\"name\":\"Home\",\"item\":\"https:\\\/\\\/www.growingcontigo.com\\\/es\\\/inicio\\\/\"},{\"@type\":\"ListItem\",\"position\":2,\"name\":\"Talleres\"}]},{\"@type\":\"WebSite\",\"@id\":\"https:\\\/\\\/www.growingcontigo.com\\\/es\\\/#website\",\"url\":\"https:\\\/\\\/www.growingcontigo.com\\\/es\\\/\",\"name\":\"Growing Contigo, LLC\",\"description\":\"Building stronger communities through economic empowerment.\",\"publisher\":{\"@id\":\"https:\\\/\\\/www.growingcontigo.com\\\/es\\\/#organization\"},\"potentialAction\":[{\"@type\":\"SearchAction\",\"target\":{\"@type\":\"EntryPoint\",\"urlTemplate\":\"https:\\\/\\\/www.growingcontigo.com\\\/es\\\/?s={search_term_string}\"},\"query-input\":{\"@type\":\"PropertyValueSpecification\",\"valueRequired\":true,\"valueName\":\"search_term_string\"}}],\"inLanguage\":\"es\"},{\"@type\":\"Organization\",\"@id\":\"https:\\\/\\\/www.growingcontigo.com\\\/es\\\/#organization\",\"name\":\"Growing Contigo, LLC\",\"url\":\"https:\\\/\\\/www.growingcontigo.com\\\/es\\\/\",\"logo\":{\"@type\":\"ImageObject\",\"inLanguage\":\"es\",\"@id\":\"https:\\\/\\\/www.growingcontigo.com\\\/es\\\/#\\\/schema\\\/logo\\\/image\\\/\",\"url\":\"https:\\\/\\\/www.growingcontigo.com\\\/wp-content\\\/uploads\\\/2023\\\/08\\\/growing-contigo-300-\u00d7-90-px-2500-\u00d7-900-px-300x108-1.png\",\"contentUrl\":\"https:\\\/\\\/www.growingcontigo.com\\\/wp-content\\\/uploads\\\/2023\\\/08\\\/growing-contigo-300-\u00d7-90-px-2500-\u00d7-900-px-300x108-1.png\",\"caption\":\"Growing Contigo, LLC\"},\"image\":{\"@id\":\"https:\\\/\\\/www.growingcontigo.com\\\/es\\\/#\\\/schema\\\/logo\\\/image\\\/\"},\"sameAs\":[\"https:\\\/\\\/www.facebook.com\\\/growingcontigo\",\"https:\\\/\\\/x.com\\\/GrowingContigo\",\"https:\\\/\\\/www.linkedin.com\\\/company\\\/growing-contigo\",\"https:\\\/\\\/www.instagram.com\\\/growingcontigo\\\/\"]}]}<\/script>\n<!-- \/ Yoast SEO plugin. -->","yoast_head_json":{"title":"Talleres - Growing Contigo, LLC","robots":{"index":"index","follow":"follow","max-snippet":"max-snippet:-1","max-image-preview":"max-image-preview:large","max-video-preview":"max-video-preview:-1"},"canonical":"https:\/\/www.growingcontigo.com\/es\/talleres\/","og_locale":"es_ES","og_type":"article","og_title":"Talleres - Growing Contigo, LLC","og_description":"24 de julio de 2025 En colaboraci\u00f3n con Vision 7 Advertising, ofrecemos un taller gratuito en espa\u00f1ol sobre marketing en redes sociales para nuestra comunidad de peque\u00f1as empresas. Talleres anteriores","og_url":"https:\/\/www.growingcontigo.com\/es\/talleres\/","og_site_name":"Growing Contigo, LLC","article_publisher":"https:\/\/www.facebook.com\/growingcontigo","article_modified_time":"2026-01-26T18:51:44+00:00","og_image":[{"width":790,"height":1024,"url":"https:\/\/www.growingcontigo.com\/wp-content\/uploads\/2025\/06\/1749758251256-9de498c3-0144-4dc5-b143-1b520b81323d_1.jpg","type":"image\/jpeg"}],"twitter_card":"summary_large_image","twitter_site":"@GrowingContigo","schema":{"@context":"https:\/\/schema.org","@graph":[{"@type":"WebPage","@id":"https:\/\/www.growingcontigo.com\/es\/talleres\/","url":"https:\/\/www.growingcontigo.com\/es\/talleres\/","name":"Talleres - Growing Contigo, LLC","isPartOf":{"@id":"https:\/\/www.growingcontigo.com\/es\/#website"},"primaryImageOfPage":{"@id":"https:\/\/www.growingcontigo.com\/es\/talleres\/#primaryimage"},"image":{"@id":"https:\/\/www.growingcontigo.com\/es\/talleres\/#primaryimage"},"thumbnailUrl":"https:\/\/www.growingcontigo.com\/wp-content\/uploads\/2025\/06\/1749758251256-9de498c3-0144-4dc5-b143-1b520b81323d_1.jpg","datePublished":"2024-10-10T06:31:45+00:00","dateModified":"2026-01-26T18:51:44+00:00","breadcrumb":{"@id":"https:\/\/www.growingcontigo.com\/es\/talleres\/#breadcrumb"},"inLanguage":"es","potentialAction":[{"@type":"ReadAction","target":["https:\/\/www.growingcontigo.com\/es\/talleres\/"]}]},{"@type":"ImageObject","inLanguage":"es","@id":"https:\/\/www.growingcontigo.com\/es\/talleres\/#primaryimage","url":"https:\/\/www.growingcontigo.com\/wp-content\/uploads\/2025\/06\/1749758251256-9de498c3-0144-4dc5-b143-1b520b81323d_1.jpg","contentUrl":"https:\/\/www.growingcontigo.com\/wp-content\/uploads\/2025\/06\/1749758251256-9de498c3-0144-4dc5-b143-1b520b81323d_1.jpg"},{"@type":"BreadcrumbList","@id":"https:\/\/www.growingcontigo.com\/es\/talleres\/#breadcrumb","itemListElement":[{"@type":"ListItem","position":1,"name":"Home","item":"https:\/\/www.growingcontigo.com\/es\/inicio\/"},{"@type":"ListItem","position":2,"name":"Talleres"}]},{"@type":"WebSite","@id":"https:\/\/www.growingcontigo.com\/es\/#website","url":"https:\/\/www.growingcontigo.com\/es\/","name":"Growing Contigo, LLC","description":"Building stronger communities through economic empowerment.","publisher":{"@id":"https:\/\/www.growingcontigo.com\/es\/#organization"},"potentialAction":[{"@type":"SearchAction","target":{"@type":"EntryPoint","urlTemplate":"https:\/\/www.growingcontigo.com\/es\/?s={search_term_string}"},"query-input":{"@type":"PropertyValueSpecification","valueRequired":true,"valueName":"search_term_string"}}],"inLanguage":"es"},{"@type":"Organization","@id":"https:\/\/www.growingcontigo.com\/es\/#organization","name":"Growing Contigo, LLC","url":"https:\/\/www.growingcontigo.com\/es\/","logo":{"@type":"ImageObject","inLanguage":"es","@id":"https:\/\/www.growingcontigo.com\/es\/#\/schema\/logo\/image\/","url":"https:\/\/www.growingcontigo.com\/wp-content\/uploads\/2023\/08\/growing-contigo-300-\u00d7-90-px-2500-\u00d7-900-px-300x108-1.png","contentUrl":"https:\/\/www.growingcontigo.com\/wp-content\/uploads\/2023\/08\/growing-contigo-300-\u00d7-90-px-2500-\u00d7-900-px-300x108-1.png","caption":"Growing Contigo, LLC"},"image":{"@id":"https:\/\/www.growingcontigo.com\/es\/#\/schema\/logo\/image\/"},"sameAs":["https:\/\/www.facebook.com\/growingcontigo","https:\/\/x.com\/GrowingContigo","https:\/\/www.linkedin.com\/company\/growing-contigo","https:\/\/www.instagram.com\/growingcontigo\/"]}]}},"_links":{"self":[{"href":"https:\/\/www.growingcontigo.com\/es\/wp-json\/wp\/v2\/pages\/3747","targetHints":{"allow":["GET"]}}],"collection":[{"href":"https:\/\/www.growingcontigo.com\/es\/wp-json\/wp\/v2\/pages"}],"about":[{"href":"https:\/\/www.growingcontigo.com\/es\/wp-json\/wp\/v2\/types\/page"}],"author":[{"embeddable":true,"href":"https:\/\/www.growingcontigo.com\/es\/wp-json\/wp\/v2\/users\/2"}],"replies":[{"embeddable":true,"href":"https:\/\/www.growingcontigo.com\/es\/wp-json\/wp\/v2\/comments?post=3747"}],"version-history":[{"count":1,"href":"https:\/\/www.growingcontigo.com\/es\/wp-json\/wp\/v2\/pages\/3747\/revisions"}],"predecessor-version":[{"id":3762,"href":"https:\/\/www.growingcontigo.com\/es\/wp-json\/wp\/v2\/pages\/3747\/revisions\/3762"}],"wp:attachment":[{"href":"https:\/\/www.growingcontigo.com\/es\/wp-json\/wp\/v2\/media?parent=3747"}],"curies":[{"name":"wp","href":"https:\/\/api.w.org\/{rel}","templated":true}]}}