{"id":3685,"date":"2025-07-23T21:36:41","date_gmt":"2025-07-24T04:36:41","guid":{"rendered":"https:\/\/www.growingcontigo.com\/programa-boef-de-la-ols-de-seattle\/"},"modified":"2026-01-26T10:51:34","modified_gmt":"2026-01-26T18:51:34","slug":"programa-boef-de-la-ols-de-seattle","status":"publish","type":"page","link":"https:\/\/www.growingcontigo.com\/es\/programa-boef-de-la-ols-de-seattle\/","title":{"rendered":"Programa BOEF de la OLS de Seattle"},"content":{"rendered":"\t\t<div data-elementor-type=\"wp-page\" data-elementor-id=\"3685\" class=\"elementor elementor-3685 elementor-3127\" data-elementor-post-type=\"page\">\n\t\t\t\t<div class=\"elementor-element elementor-element-6b125720 e-flex e-con-boxed e-con e-parent\" data-id=\"6b125720\" data-element_type=\"container\" data-e-type=\"container\" data-settings=\"{&quot;background_background&quot;:&quot;classic&quot;}\">\n\t\t\t\t\t<div class=\"e-con-inner\">\n\t\t\t\t<div class=\"elementor-element elementor-element-51fdf82 elementor-widget__width-initial elementor-invisible elementor-widget elementor-widget-heading\" data-id=\"51fdf82\" data-element_type=\"widget\" data-e-type=\"widget\" data-settings=\"{&quot;_animation&quot;:&quot;slideInLeft&quot;}\" data-widget_type=\"heading.default\">\n\t\t\t\t<div class=\"elementor-widget-container\">\n\t\t\t\t\t<h1 class=\"elementor-heading-title elementor-size-default\">Fondo de Divulgaci\u00f3n y Educaci\u00f3n Empresarial de la Oficina de Normas Laborales de Seattle<\/h1>\t\t\t\t<\/div>\n\t\t\t\t<\/div>\n\t\t\t\t\t<\/div>\n\t\t\t\t<\/div>\n\t\t<div class=\"elementor-element elementor-element-c7fc4b1 e-flex e-con-boxed e-con e-parent\" data-id=\"c7fc4b1\" data-element_type=\"container\" data-e-type=\"container\">\n\t\t\t\t\t<div class=\"e-con-inner\">\n\t\t\t\t<div class=\"elementor-element elementor-element-009bded elementor-widget elementor-widget-text-editor\" data-id=\"009bded\" data-element_type=\"widget\" data-e-type=\"widget\" data-widget_type=\"text-editor.default\">\n\t\t\t\t<div class=\"elementor-widget-container\">\n\t\t\t\t\t\t\t\t\t<p>Growing Contigo se enorgullece de ser una de las seis organizaciones a las que la Oficina de Normas Laborales de Seattle ha concedido financiaci\u00f3n para ayudar a las peque\u00f1as empresas a comprender y cumplir las leyes laborales de Seattle. A trav\u00e9s del Fondo de Divulgaci\u00f3n y Educaci\u00f3n Empresarial (BOEF), ofrecemos una serie de actividades cultural y ling\u00fc\u00edsticamente adaptadas, centradas en el empoderamiento de la comunidad y el cumplimiento de la normativa. <\/p>\t\t\t\t\t\t\t\t<\/div>\n\t\t\t\t<\/div>\n\t\t\t\t<div class=\"elementor-element elementor-element-3735d1c elementor-align-center elementor-invisible elementor-widget elementor-widget-elementskit-button\" data-id=\"3735d1c\" data-element_type=\"widget\" data-e-type=\"widget\" data-settings=\"{&quot;motion_fx_motion_fx_scrolling&quot;:&quot;yes&quot;,&quot;motion_fx_scale_effect&quot;:&quot;yes&quot;,&quot;_animation&quot;:&quot;slideInLeft&quot;,&quot;motion_fx_scale_direction&quot;:&quot;out-in&quot;,&quot;motion_fx_scale_speed&quot;:{&quot;unit&quot;:&quot;px&quot;,&quot;size&quot;:4,&quot;sizes&quot;:[]},&quot;motion_fx_scale_range&quot;:{&quot;unit&quot;:&quot;%&quot;,&quot;size&quot;:&quot;&quot;,&quot;sizes&quot;:{&quot;start&quot;:20,&quot;end&quot;:80}},&quot;motion_fx_devices&quot;:[&quot;desktop&quot;,&quot;tablet&quot;,&quot;mobile&quot;]}\" data-widget_type=\"elementskit-button.default\">\n\t\t\t\t<div class=\"elementor-widget-container\">\n\t\t\t\t\t<div class=\"ekit-wid-con\" >\t\t<div class=\"ekit-btn-wraper\">\n\t\t\t\t\t\t\t<a href=\"https:\/\/survey.zohopublic.com\/zs\/gwD5BL\" target=\"_blank\" class=\"elementskit-btn  whitespace--normal\" id=\"\">\n\t\t\t\t\t\u00a1Reg\u00edstrese ahora!\t\t\t\t<\/a>\n\t\t\t\t\t<\/div>\n        <\/div>\t\t\t\t<\/div>\n\t\t\t\t<\/div>\n\t\t\t\t\t<\/div>\n\t\t\t\t<\/div>\n\t\t<div class=\"elementor-element elementor-element-30ef200 e-flex e-con-boxed e-con e-parent\" data-id=\"30ef200\" data-element_type=\"container\" data-e-type=\"container\">\n\t\t\t\t\t<div class=\"e-con-inner\">\n\t\t\t\t<div class=\"elementor-element elementor-element-a93f37f elementor-widget elementor-widget-heading\" data-id=\"a93f37f\" data-element_type=\"widget\" data-e-type=\"widget\" data-widget_type=\"heading.default\">\n\t\t\t\t<div class=\"elementor-widget-container\">\n\t\t\t\t\t<h2 class=\"elementor-heading-title elementor-size-default\">Qu\u00e9 ofrecemos\n<\/h2>\t\t\t\t<\/div>\n\t\t\t\t<\/div>\n\t\t\t\t<div class=\"elementor-element elementor-element-1e686d0 elementor-widget elementor-widget-text-editor\" data-id=\"1e686d0\" data-element_type=\"widget\" data-e-type=\"widget\" data-widget_type=\"text-editor.default\">\n\t\t\t\t<div class=\"elementor-widget-container\">\n\t\t\t\t\t\t\t\t\t<p style=\"text-align: center;\">Orientaci\u00f3n personalizada para ayudar a su empresa a cumplir las normas laborales de Seattle<\/p><p style=\"text-align: center;\">Visitas a domicilio, participaci\u00f3n en eventos locales y mesas informativas en bibliotecas de todo Seattle<\/p><p style=\"text-align: center;\">Talleres virtuales trimestrales en espa\u00f1ol sobre temas como el salario m\u00ednimo, el robo de salarios y los derechos de los trabajadores de aplicaciones, transmitidos en directo en las redes sociales<\/p><p style=\"text-align: center;\">Publicaciones mensuales en redes sociales, folletos vecinales y boletines trimestrales para mantener informada a su empresa<\/p>\t\t\t\t\t\t\t\t<\/div>\n\t\t\t\t<\/div>\n\t\t\t\t\t<\/div>\n\t\t\t\t<\/div>\n\t\t<div class=\"elementor-element elementor-element-08c974f e-flex e-con-boxed e-con e-parent\" data-id=\"08c974f\" data-element_type=\"container\" data-e-type=\"container\">\n\t\t\t\t\t<div class=\"e-con-inner\">\n\t\t\t\t<div class=\"elementor-element elementor-element-2681549 elementor-widget elementor-widget-heading\" data-id=\"2681549\" data-element_type=\"widget\" data-e-type=\"widget\" data-widget_type=\"heading.default\">\n\t\t\t\t<div class=\"elementor-widget-container\">\n\t\t\t\t\t<h2 class=\"elementor-heading-title elementor-size-default\">Formaciones<\/h2>\t\t\t\t<\/div>\n\t\t\t\t<\/div>\n\t\t\t\t<div class=\"elementor-element elementor-element-8ee7ffa elementor-widget elementor-widget-text-editor\" data-id=\"8ee7ffa\" data-element_type=\"widget\" data-e-type=\"widget\" data-widget_type=\"text-editor.default\">\n\t\t\t\t<div class=\"elementor-widget-container\">\n\t\t\t\t\t\t\t\t\t<p style=\"text-align: center;\"><strong>Pr\u00f3ximas formaciones<\/strong><\/p><p style=\"text-align: center;\">8\/9\/2025 de 12 a 14 h &#8211; Formaci\u00f3n para trabajadores dom\u00e9sticos en la sucursal de Lake City<\/p><p style=\"text-align: center;\"><strong>Formaciones anteriores<\/strong><\/p><p style=\"text-align: center;\"> 07\/17-2025 &#8211; <a href=\"https:\/\/www.facebook.com\/100086924272919\/videos\/1756970788361155\" target=\"_blank\" rel=\"noopener\">Formaci\u00f3n para trabajadores de aplicaciones<\/a> <\/p>\t\t\t\t\t\t\t\t<\/div>\n\t\t\t\t<\/div>\n\t\t\t\t\t<\/div>\n\t\t\t\t<\/div>\n\t\t<div class=\"elementor-element elementor-element-557c60f e-flex e-con-boxed e-con e-parent\" data-id=\"557c60f\" data-element_type=\"container\" data-e-type=\"container\">\n\t\t\t\t\t<div class=\"e-con-inner\">\n\t\t\t\t<div class=\"elementor-element elementor-element-515ecb2 elementor-widget elementor-widget-heading\" data-id=\"515ecb2\" data-element_type=\"widget\" data-e-type=\"widget\" data-widget_type=\"heading.default\">\n\t\t\t\t<div class=\"elementor-widget-container\">\n\t\t\t\t\t<h2 class=\"elementor-heading-title elementor-size-default\">Temas que tratamos<\/h2>\t\t\t\t<\/div>\n\t\t\t\t<\/div>\n\t\t\t\t<div class=\"elementor-element elementor-element-08f97af elementor-widget elementor-widget-text-editor\" data-id=\"08f97af\" data-element_type=\"widget\" data-e-type=\"widget\" data-widget_type=\"text-editor.default\">\n\t\t\t\t<div class=\"elementor-widget-container\">\n\t\t\t\t\t\t\t\t\t<p style=\"text-align: center;\">Salario m\u00ednimo y prevenci\u00f3n del robo de salarios<\/p><p style=\"text-align: center;\">Tiempo de enfermedad y seguridad pagados<\/p><p style=\"text-align: center;\">Empleo justo<\/p><p style=\"text-align: center;\">Protecciones para contratistas independientes<\/p><p style=\"text-align: center;\">Protecciones para trabajadores dom\u00e9sticos<\/p><p style=\"text-align: center;\">Protecciones para trabajadores de aplicaciones<\/p><p style=\"text-align: center;\">Derechos de los empleados de cannabis<\/p><p style=\"text-align: center;\">Protecciones para trabajadores de hoteles<\/p>\t\t\t\t\t\t\t\t<\/div>\n\t\t\t\t<\/div>\n\t\t\t\t\t<\/div>\n\t\t\t\t<\/div>\n\t\t<div class=\"elementor-element elementor-element-812ac4e e-flex e-con-boxed e-con e-parent\" data-id=\"812ac4e\" data-element_type=\"container\" data-e-type=\"container\">\n\t\t\t\t\t<div class=\"e-con-inner\">\n\t\t\t\t<div class=\"elementor-element elementor-element-c7ee797 elementor-widget elementor-widget-heading\" data-id=\"c7ee797\" data-element_type=\"widget\" data-e-type=\"widget\" data-widget_type=\"heading.default\">\n\t\t\t\t<div class=\"elementor-widget-container\">\n\t\t\t\t\t<h2 class=\"elementor-heading-title elementor-size-default\">\nP\u00f3ngase en contacto<\/h2>\t\t\t\t<\/div>\n\t\t\t\t<\/div>\n\t\t\t\t<div class=\"elementor-element elementor-element-bea8a5f elementor-widget elementor-widget-text-editor\" data-id=\"bea8a5f\" data-element_type=\"widget\" data-e-type=\"widget\" data-widget_type=\"text-editor.default\">\n\t\t\t\t<div class=\"elementor-widget-container\">\n\t\t\t\t\t\t\t\t\t<p style=\"text-align: center;\">Ofrecemos a las peque\u00f1as empresas de Seattle asistencia t\u00e9cnica y apoyo para aprender a aplicar las ordenanzas y leyes laborales. \u00bfNecesita ayuda o quiere programar una sesi\u00f3n individual? <\/p><p style=\"text-align: center;\">Contacto: Miguel@growingcontigo.com<\/p><p style=\"text-align: center;\">O visite el sitio de la Oficina de Normas Laborales de Seattle para obtener m\u00e1s informaci\u00f3n: seattle.gov\/laborstandards<\/p>\t\t\t\t\t\t\t\t<\/div>\n\t\t\t\t<\/div>\n\t\t\t\t<div class=\"elementor-element elementor-element-184c91d elementor-align-center elementor-invisible elementor-widget elementor-widget-elementskit-button\" data-id=\"184c91d\" data-element_type=\"widget\" data-e-type=\"widget\" data-settings=\"{&quot;motion_fx_motion_fx_scrolling&quot;:&quot;yes&quot;,&quot;motion_fx_scale_effect&quot;:&quot;yes&quot;,&quot;_animation&quot;:&quot;slideInLeft&quot;,&quot;motion_fx_scale_direction&quot;:&quot;out-in&quot;,&quot;motion_fx_scale_speed&quot;:{&quot;unit&quot;:&quot;px&quot;,&quot;size&quot;:4,&quot;sizes&quot;:[]},&quot;motion_fx_scale_range&quot;:{&quot;unit&quot;:&quot;%&quot;,&quot;size&quot;:&quot;&quot;,&quot;sizes&quot;:{&quot;start&quot;:20,&quot;end&quot;:80}},&quot;motion_fx_devices&quot;:[&quot;desktop&quot;,&quot;tablet&quot;,&quot;mobile&quot;]}\" data-widget_type=\"elementskit-button.default\">\n\t\t\t\t<div class=\"elementor-widget-container\">\n\t\t\t\t\t<div class=\"ekit-wid-con\" >\t\t<div class=\"ekit-btn-wraper\">\n\t\t\t\t\t\t\t<a href=\"https:\/\/survey.zohopublic.com\/zs\/gwD5BL\" target=\"_blank\" class=\"elementskit-btn  whitespace--normal\" id=\"\">\n\t\t\t\t\t\u00a1Reg\u00edstrese ahora!\t\t\t\t<\/a>\n\t\t\t\t\t<\/div>\n        <\/div>\t\t\t\t<\/div>\n\t\t\t\t<\/div>\n\t\t\t\t\t<\/div>\n\t\t\t\t<\/div>\n\t\t\t\t<\/div>\n\t\t","protected":false},"excerpt":{"rendered":"<p>Fondo de Divulgaci\u00f3n y Educaci\u00f3n Empresarial de la Oficina de Normas Laborales de Seattle Growing Contigo se enorgullece de ser una de las seis organizaciones a las que la Oficina [&hellip;]<\/p>\n","protected":false},"author":2,"featured_media":0,"parent":0,"menu_order":0,"comment_status":"closed","ping_status":"closed","template":"","meta":{"_monsterinsights_skip_tracking":false,"_monsterinsights_sitenote_active":false,"_monsterinsights_sitenote_note":"","_monsterinsights_sitenote_category":0,"site-sidebar-layout":"no-sidebar","site-content-layout":"","ast-site-content-layout":"full-width-container","site-content-style":"default","site-sidebar-style":"default","ast-global-header-display":"","ast-banner-title-visibility":"","ast-main-header-display":"","ast-hfb-above-header-display":"","ast-hfb-below-header-display":"","ast-hfb-mobile-header-display":"","site-post-title":"disabled","ast-breadcrumbs-content":"","ast-featured-img":"disabled","footer-sml-layout":"","ast-disable-related-posts":"","theme-transparent-header-meta":"","adv-header-id-meta":"","stick-header-meta":"","header-above-stick-meta":"","header-main-stick-meta":"","header-below-stick-meta":"","astra-migrate-meta-layouts":"default","ast-page-background-enabled":"default","ast-page-background-meta":{"desktop":{"background-color":"var(--ast-global-color-4)","background-image":"","background-repeat":"repeat","background-position":"center center","background-size":"auto","background-attachment":"scroll","background-type":"","background-media":"","overlay-type":"","overlay-color":"","overlay-opacity":"","overlay-gradient":""},"tablet":{"background-color":"","background-image":"","background-repeat":"repeat","background-position":"center center","background-size":"auto","background-attachment":"scroll","background-type":"","background-media":"","overlay-type":"","overlay-color":"","overlay-opacity":"","overlay-gradient":""},"mobile":{"background-color":"","background-image":"","background-repeat":"repeat","background-position":"center center","background-size":"auto","background-attachment":"scroll","background-type":"","background-media":"","overlay-type":"","overlay-color":"","overlay-opacity":"","overlay-gradient":""}},"ast-content-background-meta":{"desktop":{"background-color":"var(--ast-global-color-5)","background-image":"","background-repeat":"repeat","background-position":"center center","background-size":"auto","background-attachment":"scroll","background-type":"","background-media":"","overlay-type":"","overlay-color":"","overlay-opacity":"","overlay-gradient":""},"tablet":{"background-color":"var(--ast-global-color-5)","background-image":"","background-repeat":"repeat","background-position":"center center","background-size":"auto","background-attachment":"scroll","background-type":"","background-media":"","overlay-type":"","overlay-color":"","overlay-opacity":"","overlay-gradient":""},"mobile":{"background-color":"var(--ast-global-color-5)","background-image":"","background-repeat":"repeat","background-position":"center center","background-size":"auto","background-attachment":"scroll","background-type":"","background-media":"","overlay-type":"","overlay-color":"","overlay-opacity":"","overlay-gradient":""}},"footnotes":"","_links_to":"","_links_to_target":""},"class_list":["post-3685","page","type-page","status-publish","hentry"],"yoast_head":"<!-- This site is optimized with the Yoast SEO plugin v27.4 - https:\/\/yoast.com\/product\/yoast-seo-wordpress\/ -->\n<title>Programa BOEF de la OLS de Seattle - Growing Contigo, LLC<\/title>\n<meta name=\"robots\" content=\"index, follow, max-snippet:-1, max-image-preview:large, max-video-preview:-1\" \/>\n<link rel=\"canonical\" href=\"https:\/\/www.growingcontigo.com\/es\/programa-boef-de-la-ols-de-seattle\/\" \/>\n<meta property=\"og:locale\" content=\"es_ES\" \/>\n<meta property=\"og:type\" content=\"article\" \/>\n<meta property=\"og:title\" content=\"Programa BOEF de la OLS de Seattle - Growing Contigo, LLC\" \/>\n<meta property=\"og:description\" content=\"Fondo de Divulgaci\u00f3n y Educaci\u00f3n Empresarial de la Oficina de Normas Laborales de Seattle Growing Contigo se enorgullece de ser una de las seis organizaciones a las que la Oficina [&hellip;]\" \/>\n<meta property=\"og:url\" content=\"https:\/\/www.growingcontigo.com\/es\/programa-boef-de-la-ols-de-seattle\/\" \/>\n<meta property=\"og:site_name\" content=\"Growing Contigo, LLC\" \/>\n<meta property=\"article:publisher\" content=\"https:\/\/www.facebook.com\/growingcontigo\" \/>\n<meta property=\"article:modified_time\" content=\"2026-01-26T18:51:34+00:00\" \/>\n<meta property=\"og:image\" content=\"https:\/\/www.growingcontigo.com\/wp-content\/uploads\/2023\/08\/growing-contigo-300-?-90-px-2500-?-900-px.png\" \/>\n\t<meta property=\"og:image:width\" content=\"1\" \/>\n\t<meta property=\"og:image:height\" content=\"1\" \/>\n\t<meta property=\"og:image:type\" content=\"image\/png\" \/>\n<meta name=\"twitter:card\" content=\"summary_large_image\" \/>\n<meta name=\"twitter:site\" content=\"@GrowingContigo\" \/>\n<meta name=\"twitter:label1\" content=\"Tiempo de lectura\" \/>\n\t<meta name=\"twitter:data1\" content=\"2 minutos\" \/>\n<script type=\"application\/ld+json\" class=\"yoast-schema-graph\">{\"@context\":\"https:\\\/\\\/schema.org\",\"@graph\":[{\"@type\":\"WebPage\",\"@id\":\"https:\\\/\\\/www.growingcontigo.com\\\/es\\\/programa-boef-de-la-ols-de-seattle\\\/\",\"url\":\"https:\\\/\\\/www.growingcontigo.com\\\/es\\\/programa-boef-de-la-ols-de-seattle\\\/\",\"name\":\"Programa BOEF de la OLS de Seattle - Growing Contigo, LLC\",\"isPartOf\":{\"@id\":\"https:\\\/\\\/www.growingcontigo.com\\\/es\\\/#website\"},\"datePublished\":\"2025-07-24T04:36:41+00:00\",\"dateModified\":\"2026-01-26T18:51:34+00:00\",\"breadcrumb\":{\"@id\":\"https:\\\/\\\/www.growingcontigo.com\\\/es\\\/programa-boef-de-la-ols-de-seattle\\\/#breadcrumb\"},\"inLanguage\":\"es\",\"potentialAction\":[{\"@type\":\"ReadAction\",\"target\":[\"https:\\\/\\\/www.growingcontigo.com\\\/es\\\/programa-boef-de-la-ols-de-seattle\\\/\"]}]},{\"@type\":\"BreadcrumbList\",\"@id\":\"https:\\\/\\\/www.growingcontigo.com\\\/es\\\/programa-boef-de-la-ols-de-seattle\\\/#breadcrumb\",\"itemListElement\":[{\"@type\":\"ListItem\",\"position\":1,\"name\":\"Home\",\"item\":\"https:\\\/\\\/www.growingcontigo.com\\\/es\\\/inicio\\\/\"},{\"@type\":\"ListItem\",\"position\":2,\"name\":\"Programa BOEF de la OLS de Seattle\"}]},{\"@type\":\"WebSite\",\"@id\":\"https:\\\/\\\/www.growingcontigo.com\\\/es\\\/#website\",\"url\":\"https:\\\/\\\/www.growingcontigo.com\\\/es\\\/\",\"name\":\"Growing Contigo, LLC\",\"description\":\"Building stronger communities through economic empowerment.\",\"publisher\":{\"@id\":\"https:\\\/\\\/www.growingcontigo.com\\\/es\\\/#organization\"},\"potentialAction\":[{\"@type\":\"SearchAction\",\"target\":{\"@type\":\"EntryPoint\",\"urlTemplate\":\"https:\\\/\\\/www.growingcontigo.com\\\/es\\\/?s={search_term_string}\"},\"query-input\":{\"@type\":\"PropertyValueSpecification\",\"valueRequired\":true,\"valueName\":\"search_term_string\"}}],\"inLanguage\":\"es\"},{\"@type\":\"Organization\",\"@id\":\"https:\\\/\\\/www.growingcontigo.com\\\/es\\\/#organization\",\"name\":\"Growing Contigo, LLC\",\"url\":\"https:\\\/\\\/www.growingcontigo.com\\\/es\\\/\",\"logo\":{\"@type\":\"ImageObject\",\"inLanguage\":\"es\",\"@id\":\"https:\\\/\\\/www.growingcontigo.com\\\/es\\\/#\\\/schema\\\/logo\\\/image\\\/\",\"url\":\"https:\\\/\\\/www.growingcontigo.com\\\/wp-content\\\/uploads\\\/2023\\\/08\\\/growing-contigo-300-\u00d7-90-px-2500-\u00d7-900-px-300x108-1.png\",\"contentUrl\":\"https:\\\/\\\/www.growingcontigo.com\\\/wp-content\\\/uploads\\\/2023\\\/08\\\/growing-contigo-300-\u00d7-90-px-2500-\u00d7-900-px-300x108-1.png\",\"caption\":\"Growing Contigo, LLC\"},\"image\":{\"@id\":\"https:\\\/\\\/www.growingcontigo.com\\\/es\\\/#\\\/schema\\\/logo\\\/image\\\/\"},\"sameAs\":[\"https:\\\/\\\/www.facebook.com\\\/growingcontigo\",\"https:\\\/\\\/x.com\\\/GrowingContigo\",\"https:\\\/\\\/www.linkedin.com\\\/company\\\/growing-contigo\",\"https:\\\/\\\/www.instagram.com\\\/growingcontigo\\\/\"]}]}<\/script>\n<!-- \/ Yoast SEO plugin. -->","yoast_head_json":{"title":"Programa BOEF de la OLS de Seattle - Growing Contigo, LLC","robots":{"index":"index","follow":"follow","max-snippet":"max-snippet:-1","max-image-preview":"max-image-preview:large","max-video-preview":"max-video-preview:-1"},"canonical":"https:\/\/www.growingcontigo.com\/es\/programa-boef-de-la-ols-de-seattle\/","og_locale":"es_ES","og_type":"article","og_title":"Programa BOEF de la OLS de Seattle - Growing Contigo, LLC","og_description":"Fondo de Divulgaci\u00f3n y Educaci\u00f3n Empresarial de la Oficina de Normas Laborales de Seattle Growing Contigo se enorgullece de ser una de las seis organizaciones a las que la Oficina [&hellip;]","og_url":"https:\/\/www.growingcontigo.com\/es\/programa-boef-de-la-ols-de-seattle\/","og_site_name":"Growing Contigo, LLC","article_publisher":"https:\/\/www.facebook.com\/growingcontigo","article_modified_time":"2026-01-26T18:51:34+00:00","og_image":[{"url":"https:\/\/www.growingcontigo.com\/wp-content\/uploads\/2023\/08\/growing-contigo-300-?-90-px-2500-?-900-px.png","width":1,"height":1,"type":"image\/png"}],"twitter_card":"summary_large_image","twitter_site":"@GrowingContigo","twitter_misc":{"Tiempo de lectura":"2 minutos"},"schema":{"@context":"https:\/\/schema.org","@graph":[{"@type":"WebPage","@id":"https:\/\/www.growingcontigo.com\/es\/programa-boef-de-la-ols-de-seattle\/","url":"https:\/\/www.growingcontigo.com\/es\/programa-boef-de-la-ols-de-seattle\/","name":"Programa BOEF de la OLS de Seattle - Growing Contigo, LLC","isPartOf":{"@id":"https:\/\/www.growingcontigo.com\/es\/#website"},"datePublished":"2025-07-24T04:36:41+00:00","dateModified":"2026-01-26T18:51:34+00:00","breadcrumb":{"@id":"https:\/\/www.growingcontigo.com\/es\/programa-boef-de-la-ols-de-seattle\/#breadcrumb"},"inLanguage":"es","potentialAction":[{"@type":"ReadAction","target":["https:\/\/www.growingcontigo.com\/es\/programa-boef-de-la-ols-de-seattle\/"]}]},{"@type":"BreadcrumbList","@id":"https:\/\/www.growingcontigo.com\/es\/programa-boef-de-la-ols-de-seattle\/#breadcrumb","itemListElement":[{"@type":"ListItem","position":1,"name":"Home","item":"https:\/\/www.growingcontigo.com\/es\/inicio\/"},{"@type":"ListItem","position":2,"name":"Programa BOEF de la OLS de Seattle"}]},{"@type":"WebSite","@id":"https:\/\/www.growingcontigo.com\/es\/#website","url":"https:\/\/www.growingcontigo.com\/es\/","name":"Growing Contigo, LLC","description":"Building stronger communities through economic empowerment.","publisher":{"@id":"https:\/\/www.growingcontigo.com\/es\/#organization"},"potentialAction":[{"@type":"SearchAction","target":{"@type":"EntryPoint","urlTemplate":"https:\/\/www.growingcontigo.com\/es\/?s={search_term_string}"},"query-input":{"@type":"PropertyValueSpecification","valueRequired":true,"valueName":"search_term_string"}}],"inLanguage":"es"},{"@type":"Organization","@id":"https:\/\/www.growingcontigo.com\/es\/#organization","name":"Growing Contigo, LLC","url":"https:\/\/www.growingcontigo.com\/es\/","logo":{"@type":"ImageObject","inLanguage":"es","@id":"https:\/\/www.growingcontigo.com\/es\/#\/schema\/logo\/image\/","url":"https:\/\/www.growingcontigo.com\/wp-content\/uploads\/2023\/08\/growing-contigo-300-\u00d7-90-px-2500-\u00d7-900-px-300x108-1.png","contentUrl":"https:\/\/www.growingcontigo.com\/wp-content\/uploads\/2023\/08\/growing-contigo-300-\u00d7-90-px-2500-\u00d7-900-px-300x108-1.png","caption":"Growing Contigo, LLC"},"image":{"@id":"https:\/\/www.growingcontigo.com\/es\/#\/schema\/logo\/image\/"},"sameAs":["https:\/\/www.facebook.com\/growingcontigo","https:\/\/x.com\/GrowingContigo","https:\/\/www.linkedin.com\/company\/growing-contigo","https:\/\/www.instagram.com\/growingcontigo\/"]}]}},"_links":{"self":[{"href":"https:\/\/www.growingcontigo.com\/es\/wp-json\/wp\/v2\/pages\/3685","targetHints":{"allow":["GET"]}}],"collection":[{"href":"https:\/\/www.growingcontigo.com\/es\/wp-json\/wp\/v2\/pages"}],"about":[{"href":"https:\/\/www.growingcontigo.com\/es\/wp-json\/wp\/v2\/types\/page"}],"author":[{"embeddable":true,"href":"https:\/\/www.growingcontigo.com\/es\/wp-json\/wp\/v2\/users\/2"}],"replies":[{"embeddable":true,"href":"https:\/\/www.growingcontigo.com\/es\/wp-json\/wp\/v2\/comments?post=3685"}],"version-history":[{"count":1,"href":"https:\/\/www.growingcontigo.com\/es\/wp-json\/wp\/v2\/pages\/3685\/revisions"}],"predecessor-version":[{"id":3687,"href":"https:\/\/www.growingcontigo.com\/es\/wp-json\/wp\/v2\/pages\/3685\/revisions\/3687"}],"wp:attachment":[{"href":"https:\/\/www.growingcontigo.com\/es\/wp-json\/wp\/v2\/media?parent=3685"}],"curies":[{"name":"wp","href":"https:\/\/api.w.org\/{rel}","templated":true}]}}